{"id":14025,"date":"2021-06-11T10:50:09","date_gmt":"2021-06-11T10:50:09","guid":{"rendered":"https:\/\/stage.falcontailor.com\/standardstorlekar\/"},"modified":"2021-06-11T11:05:53","modified_gmt":"2021-06-11T11:05:53","slug":"standardstorlekar","status":"publish","type":"page","link":"https:\/\/falcontailor.com\/sv\/standardstorlekar\/","title":{"rendered":"Standardstorlekar"},"content":{"rendered":"<h1>Standardstorlekar<\/h1>\n<p>Vi vill alltid uppmuntra v\u00e5ra kunder att ta sina egna m\u00e5tt f\u00f6r att f\u00e5 den b\u00e4sta passformen. Men vi vet att en del kunder bara vill designa egen stil och tyg p\u00e5 sin kostym, blazer eller skjorta och vet att standardstorlekar sitter bra.<\/p>\n<p>&nbsp;<\/p>\n<h3>N\u00e4r du best\u00e4ller en standardstorlek,<\/h3>\n<p>s\u00e5 \u00e4r m\u00e5tten anpassade efter Skandinaviska och Europeiska m\u00e4n.<\/p>\n<p>Du kan se m\u00e5tten i tabellen nedan.<\/p>\n<p><span style=\"color: #ffffff;\"><img fetchpriority=\"high\" decoding=\"async\" class=\"alignnone wp-image-14028 size-full\" src=\"https:\/\/falcontailor.com\/wp-content\/uploads\/Standardstorlekar.jpg\" alt=\"\" width=\"497\" height=\"320\" srcset=\"https:\/\/falcontailor.com\/wp-content\/uploads\/Standardstorlekar.jpg 497w, https:\/\/falcontailor.com\/wp-content\/uploads\/Standardstorlekar-300x193.jpg 300w, https:\/\/falcontailor.com\/wp-content\/uploads\/Standardstorlekar-416x268.jpg 416w\" sizes=\"(max-width: 497px) 100vw, 497px\" \/><\/span><\/p>\n<h3><span style=\"color: #ffffff;\">&#8230;<\/span><\/h3>\n<h3>Internationella standardstorlekar<\/h3>\n<p>Om du undrar hur en internationell standardstorlek \u00f6vers\u00e4tts till en europeisk\/italiensk eller brittisk storlek, kolla in den h\u00e4r tabellen.<\/p>\n<p><img decoding=\"async\" class=\"alignnone wp-image-14032 size-full\" src=\"https:\/\/falcontailor.com\/wp-content\/uploads\/Internationella-standardstrl.jpg\" alt=\"\" width=\"314\" height=\"162\" srcset=\"https:\/\/falcontailor.com\/wp-content\/uploads\/Internationella-standardstrl.jpg 314w, https:\/\/falcontailor.com\/wp-content\/uploads\/Internationella-standardstrl-300x155.jpg 300w\" sizes=\"(max-width: 314px) 100vw, 314px\" \/><\/p>\n<p><span style=\"color: #ffffff;\">&#8230;<\/span><\/p>\n","protected":false},"excerpt":{"rendered":"<p>Standardstorlekar Vi vill alltid uppmuntra v\u00e5ra kunder att ta sina egna m\u00e5tt f\u00f6r att f\u00e5 den b\u00e4sta passformen. Men vi vet att en del kunder bara vill designa egen stil och tyg p\u00e5 sin kostym, blazer eller skjorta och vet att standardstorlekar sitter bra. &nbsp; N\u00e4r du best\u00e4ller en standardstorlek, s\u00e5 \u00e4r m\u00e5tten anpassade efter [&hellip;]<\/p>\n","protected":false},"author":1,"featured_media":0,"parent":0,"menu_order":0,"comment_status":"closed","ping_status":"closed","template":"","meta":{"footnotes":""},"class_list":["post-14025","page","type-page","status-publish","hentry"],"_links":{"self":[{"href":"https:\/\/falcontailor.com\/sv\/wp-json\/wp\/v2\/pages\/14025","targetHints":{"allow":["GET"]}}],"collection":[{"href":"https:\/\/falcontailor.com\/sv\/wp-json\/wp\/v2\/pages"}],"about":[{"href":"https:\/\/falcontailor.com\/sv\/wp-json\/wp\/v2\/types\/page"}],"author":[{"embeddable":true,"href":"https:\/\/falcontailor.com\/sv\/wp-json\/wp\/v2\/users\/1"}],"replies":[{"embeddable":true,"href":"https:\/\/falcontailor.com\/sv\/wp-json\/wp\/v2\/comments?post=14025"}],"version-history":[{"count":4,"href":"https:\/\/falcontailor.com\/sv\/wp-json\/wp\/v2\/pages\/14025\/revisions"}],"predecessor-version":[{"id":14037,"href":"https:\/\/falcontailor.com\/sv\/wp-json\/wp\/v2\/pages\/14025\/revisions\/14037"}],"wp:attachment":[{"href":"https:\/\/falcontailor.com\/sv\/wp-json\/wp\/v2\/media?parent=14025"}],"curies":[{"name":"wp","href":"https:\/\/api.w.org\/{rel}","templated":true}]}}