{"id":2638,"date":"2017-09-13T22:04:28","date_gmt":"2017-09-13T22:04:28","guid":{"rendered":"http:\/\/sandbox.falcontailor.com\/om-falcontailor\/"},"modified":"2024-11-26T19:42:45","modified_gmt":"2024-11-26T19:42:45","slug":"om-falcontailor-2","status":"publish","type":"page","link":"https:\/\/falcontailor.com\/sv\/om-falcontailor-2\/","title":{"rendered":"Om Falcontailor"},"content":{"rendered":"\t\t<div data-elementor-type=\"wp-page\" data-elementor-id=\"2638\" class=\"elementor elementor-2638 elementor-74\" data-elementor-post-type=\"page\">\n\t\t\t\t<div class=\"elementor-element elementor-element-6ab5f1e0 e-flex e-con-boxed e-con e-parent\" data-id=\"6ab5f1e0\" data-element_type=\"container\">\n\t\t\t\t\t<div class=\"e-con-inner\">\n\t\t\t\t<div class=\"elementor-element elementor-element-66c21ed7 elementor-widget elementor-widget-text-editor\" data-id=\"66c21ed7\" data-element_type=\"widget\" data-widget_type=\"text-editor.default\">\n\t\t\t\t<div class=\"elementor-widget-container\">\n\t\t\t\t\t\t\t\t\t<h1 style=\"text-align: center;\"><strong>Om oss<\/strong><\/h1><h2 style=\"text-align: left;\"><strong>Vad vi levererar<\/strong><\/h2><p style=\"text-align: left;\">V\u00e5ra kostymer och skjortor \u00e4r tillverkade av material av h\u00f6gsta kvalitet. Vi g\u00f6r dem inte bara f\u00f6r att passa dina fysiska m\u00e5tt, utan \u00e4ven f\u00f6r att f\u00e5nga din personlighet och stil. Vi vill f\u00f6rst\u00e4rka din personlighet med klass och stil oavsett om den \u00e4r ut\u00e5triktad, traditionell och vare sig det \u00e4r ett plagg f\u00f6r din jobbroll och aff\u00e4rssituation, f\u00f6r festen, den trendiga streetlooken eller f\u00f6r dejten. \u2013 oavsett hj\u00e4lper vi dig att f\u00f6rmedla din personlighet.<br \/>Och om du till\u00e5ter, s\u00e5 \u00e4r vi mer \u00e4n glada att ge n\u00e5gra v\u00e4nliga r\u00e5d under v\u00e4gen. Vi bidrar med r\u00e5dgivning s\u00e5 att du alltid kan k\u00e4nna dig bekv\u00e4m. Och \u2013 sj\u00e4lvklart \u2013 alltid med klass och stil.<\/p><p>\u00a0<\/p><h2 style=\"text-align: left;\"><strong>Priser<\/strong><\/h2><p style=\"text-align: left;\">Vi erbjuder mycket prisv\u00e4rda produkter. Priserna \u00e4r samma eller till och med l\u00e4gre \u00e4n plagg fr\u00e5n hyllbutiker och modehus som erbjuder kl\u00e4der och skjortor i standardstorlekar.<br \/>Alla kan ta del av f\u00f6rdelarna med v\u00e5ra tj\u00e4nster. Alla v\u00e5ra produkter &#8211; fr\u00e5n de mycket l\u00e5gt prissatta till de mycket exklusiva materialen &#8211; f\u00e5r samma prestigefyllda hantverkskonstruktion och behandling.<\/p><p>\u00a0<\/p><h2 style=\"text-align: left;\"><strong>Hur vi levererar<\/strong><\/h2><p style=\"text-align: left;\">Vi \u00e4r stolta \u00f6ver att kunna erbjuda den snabbaste leveransen i branschen. Detta \u00e4r m\u00f6jligt genom partnerskapsavtal med v\u00e4rldens ledande fraktf\u00f6retag.<\/p><p>\u00a0<\/p><h2 style=\"text-align: left;\"><strong>Passformsgaranti<\/strong><\/h2><p style=\"text-align: left;\">F\u00f6lj bara v\u00e5r guide. Det tar 5 minuter att m\u00e4ta dig sj\u00e4lv. Om du f\u00f6ljer guiden noggrant s\u00e5 kommer ditt plagg att passa perfekt. Skulle ditt plagg mot alla odds inte passa, hj\u00e4lper vi dig att hitta r\u00e4tt storlek s\u00e5 att du kan justera plagget hos en lokal skr\u00e4ddare p\u00e5 v\u00e5r kostnad.<\/p><p>\u00a0<\/p><h2 style=\"text-align: left;\"><strong>Ansvar och h\u00e5llbarhet<\/strong><\/h2><p style=\"text-align: left;\">Vi \u00e4r ett h\u00e5llbart f\u00f6retag som kombinerar f\u00f6rdelarna med internet, en global kultur och ekonomi samt v\u00e5ra anst\u00e4lldas behov, arbetarna i v\u00e5r tillverknings- och f\u00f6rs\u00f6rjningskedja och milj\u00f6n. Vi tror att vi som ett ansvarigt f\u00f6retag &#8211; mycket engagerade f\u00f6r att respektera m\u00e4nskliga r\u00e4ttigheter &#8211; kommer att bidra till varaktig ekonomisk framg\u00e5ng. Vi arbetar ansvarsfullt ut\u00f6ver hela v\u00e4rdekedjan; design, skapande, tillverkning, transport och anv\u00e4ndning.<br \/>Slit- och sl\u00e4ngkulturen som standardstorlekar bidrar med tillh\u00f6r historien och skr\u00e4ddarsydda kl\u00e4der representerar framtiden. Det \u00e4r inte bara den enskilda kunden som bidrar till denna kultur utan hela industrin. V\u00e5r milj\u00f6 lider av att kunder kastar bort eller skickar tillbaka stora m\u00e4ngder kl\u00e4der i standardstorlek k\u00f6pta online \u00f6kar transporterna \u00e4nnu mer. H\u00e5rda kemikalier och extrema m\u00e4ngder vatten anv\u00e4nds i on\u00f6dan och textilarbetare och milj\u00f6n lider mer \u00e4n n\u00f6dv\u00e4ndigt<\/p>\t\t\t\t\t\t\t\t<\/div>\n\t\t\t\t<\/div>\n\t\t\t\t\t<\/div>\n\t\t\t\t<\/div>\n\t\t\t\t<\/div>\n\t\t","protected":false},"excerpt":{"rendered":"<p>Om oss Vad vi levererar V\u00e5ra kostymer och skjortor \u00e4r tillverkade av material av h\u00f6gsta kvalitet. Vi g\u00f6r dem inte bara f\u00f6r att passa dina fysiska m\u00e5tt, utan \u00e4ven f\u00f6r att f\u00e5nga din personlighet och stil. Vi vill f\u00f6rst\u00e4rka din personlighet med klass och stil oavsett om den \u00e4r ut\u00e5triktad, traditionell och vare sig det [&hellip;]<\/p>\n","protected":false},"author":1,"featured_media":0,"parent":0,"menu_order":0,"comment_status":"closed","ping_status":"closed","template":"","meta":{"footnotes":""},"class_list":["post-2638","page","type-page","status-publish","hentry"],"_links":{"self":[{"href":"https:\/\/falcontailor.com\/sv\/wp-json\/wp\/v2\/pages\/2638","targetHints":{"allow":["GET"]}}],"collection":[{"href":"https:\/\/falcontailor.com\/sv\/wp-json\/wp\/v2\/pages"}],"about":[{"href":"https:\/\/falcontailor.com\/sv\/wp-json\/wp\/v2\/types\/page"}],"author":[{"embeddable":true,"href":"https:\/\/falcontailor.com\/sv\/wp-json\/wp\/v2\/users\/1"}],"replies":[{"embeddable":true,"href":"https:\/\/falcontailor.com\/sv\/wp-json\/wp\/v2\/comments?post=2638"}],"version-history":[{"count":49,"href":"https:\/\/falcontailor.com\/sv\/wp-json\/wp\/v2\/pages\/2638\/revisions"}],"predecessor-version":[{"id":16534,"href":"https:\/\/falcontailor.com\/sv\/wp-json\/wp\/v2\/pages\/2638\/revisions\/16534"}],"wp:attachment":[{"href":"https:\/\/falcontailor.com\/sv\/wp-json\/wp\/v2\/media?parent=2638"}],"curies":[{"name":"wp","href":"https:\/\/api.w.org\/{rel}","templated":true}]}}