{"id":2693,"date":"2017-10-01T09:17:46","date_gmt":"2017-10-01T09:17:46","guid":{"rendered":"http:\/\/sandbox.falcontailor.com\/kontakt\/"},"modified":"2025-02-24T09:43:35","modified_gmt":"2025-02-24T09:43:35","slug":"kontakt-2","status":"publish","type":"page","link":"https:\/\/falcontailor.com\/sv\/kontakt-2\/","title":{"rendered":"Kontakt"},"content":{"rendered":"\t\t<div data-elementor-type=\"wp-page\" data-elementor-id=\"2693\" class=\"elementor elementor-2693 elementor-76\" data-elementor-post-type=\"page\">\n\t\t\t\t<div class=\"elementor-element elementor-element-88973ab e-flex e-con-boxed e-con e-parent\" data-id=\"88973ab\" data-element_type=\"container\">\n\t\t\t\t\t<div class=\"e-con-inner\">\n\t\t\t\t<div class=\"elementor-element elementor-element-1d5e35d elementor-widget elementor-widget-heading\" data-id=\"1d5e35d\" data-element_type=\"widget\" data-widget_type=\"heading.default\">\n\t\t\t\t<div class=\"elementor-widget-container\">\n\t\t\t\t\t<h2 class=\"elementor-heading-title elementor-size-default\">Kundservice<\/h2>\t\t\t\t<\/div>\n\t\t\t\t<\/div>\n\t\t\t\t\t<\/div>\n\t\t\t\t<\/div>\n\t\t<div class=\"elementor-element elementor-element-7520d09 e-flex e-con-boxed e-con e-parent\" data-id=\"7520d09\" data-element_type=\"container\">\n\t\t\t\t\t<div class=\"e-con-inner\">\n\t\t\t\t<div class=\"elementor-element elementor-element-1e14128 elementor-widget elementor-widget-text-editor\" data-id=\"1e14128\" data-element_type=\"widget\" data-widget_type=\"text-editor.default\">\n\t\t\t\t<div class=\"elementor-widget-container\">\n\t\t\t\t\t\t\t\t\t<p>Om du har n\u00e5gra fr\u00e5gor ang\u00e5ende v\u00e5ra produkter, din best\u00e4llning, v\u00e5ra villkor, leveranstiden eller n\u00e5gon annan fr\u00e5ga, eller kommentar s\u00e5 tveka inte att anv\u00e4nda kontaktformul\u00e4ret nedan f\u00f6r att komma i kontakt med v\u00e5r kundtj\u00e4nst. Observera att du m\u00e5ste ange en giltig e-postadress f\u00f6r att vi ska kunna ge dig ett svar.<\/p><p>Vi s\u00e4tter verkligen v\u00e4rde p\u00e5 v\u00e5ra kunder och f\u00f6rst\u00e5r att ett snabbt svar p\u00e5 din fr\u00e5ga \u00e4r av stor betydelse! Vi svarar dig p\u00e5 24 timmar \u2013 ofta snabbare. I s\u00e4llsynta fall har vi mycket h\u00f6ga volymer p\u00e5 e-post och ber om din f\u00f6rst\u00e5else f\u00f6r att det ibland kan ta lite l\u00e4ngre tid att svara.<\/p><p>Vi har ingen kundsupport via telefon.<\/p>\t\t\t\t\t\t\t\t<\/div>\n\t\t\t\t<\/div>\n\t\t\t\t\t<\/div>\n\t\t\t\t<\/div>\n\t\t<div class=\"elementor-element elementor-element-cf59394 e-flex e-con-boxed e-con e-parent\" data-id=\"cf59394\" data-element_type=\"container\">\n\t\t\t\t\t<div class=\"e-con-inner\">\n\t\t\t\t<div class=\"elementor-element elementor-element-13a5344 elementor-widget elementor-widget-text-editor\" data-id=\"13a5344\" data-element_type=\"widget\" data-widget_type=\"text-editor.default\">\n\t\t\t\t<div class=\"elementor-widget-container\">\n\t\t\t\t\t\t\t\t\t<div class=\"vc_row wpb_row vc_row-fluid\"><div class=\"wpb_column vc_column_container vc_col-sm-12\"><div class=\"vc_column-inner\"><div class=\"wpb_wrapper\"><div class=\"wpb_text_column wpb_content_element \"><div class=\"wpb_wrapper\"><p><strong>V\u00e4nligen fyll i formul\u00e4ret nedan eller skicka e-post till\u00a0<a href=\"mailto:contact@falcontailor.com\">contact@falcontailor.com<\/a><\/strong><\/p><\/div><\/div><\/div><\/div><\/div><\/div>\t\t\t\t\t\t\t\t<\/div>\n\t\t\t\t<\/div>\n\t\t\t\t\t<\/div>\n\t\t\t\t<\/div>\n\t\t<div class=\"elementor-element elementor-element-1f31c24c e-flex e-con-boxed e-con e-parent\" data-id=\"1f31c24c\" data-element_type=\"container\">\n\t\t\t\t\t<div class=\"e-con-inner\">\n\t\t\t\t<div class=\"elementor-element elementor-element-34f428cf elementor-widget elementor-widget-text-editor\" data-id=\"34f428cf\" data-element_type=\"widget\" data-widget_type=\"text-editor.default\">\n\t\t\t\t<div class=\"elementor-widget-container\">\n\t\t\t\t\t\t\t\t\t\n<div class=\"wpcf7 no-js\" id=\"wpcf7-f16627-o1\" lang=\"en-US\" dir=\"ltr\" data-wpcf7-id=\"16627\">\n<div class=\"screen-reader-response\"><p role=\"status\" aria-live=\"polite\" aria-atomic=\"true\"><\/p> <ul><\/ul><\/div>\n<form action=\"\/sv\/wp-json\/wp\/v2\/pages\/2693#wpcf7-f16627-o1\" method=\"post\" class=\"wpcf7-form init\" aria-label=\"Contact form\" novalidate=\"novalidate\" data-status=\"init\">\n<fieldset class=\"hidden-fields-container\"><input type=\"hidden\" name=\"_wpcf7\" value=\"16627\" \/><input type=\"hidden\" name=\"_wpcf7_version\" value=\"6.1.1\" \/><input type=\"hidden\" name=\"_wpcf7_locale\" value=\"en_US\" \/><input type=\"hidden\" name=\"_wpcf7_unit_tag\" value=\"wpcf7-f16627-o1\" \/><input type=\"hidden\" name=\"_wpcf7_container_post\" value=\"0\" \/><input type=\"hidden\" name=\"_wpcf7_posted_data_hash\" value=\"\" \/><input type=\"hidden\" name=\"_wpcf7_recaptcha_response\" value=\"\" \/>\n<\/fieldset>\n<p><label> Ditt namn<br \/>\n<span class=\"wpcf7-form-control-wrap\" data-name=\"your-name\"><input size=\"40\" maxlength=\"400\" class=\"wpcf7-form-control wpcf7-text wpcf7-validates-as-required\" autocomplete=\"name\" aria-required=\"true\" aria-invalid=\"false\" value=\"\" type=\"text\" name=\"your-name\" \/><\/span> <\/label>\n<\/p>\n<p><label> Din epost<br \/>\n<span class=\"wpcf7-form-control-wrap\" data-name=\"your-email\"><input size=\"40\" maxlength=\"400\" class=\"wpcf7-form-control wpcf7-email wpcf7-validates-as-required wpcf7-text wpcf7-validates-as-email\" autocomplete=\"email\" aria-required=\"true\" aria-invalid=\"false\" value=\"\" type=\"email\" name=\"your-email\" \/><\/span> <\/label>\n<\/p>\n<p><label> \u00c4mne<br \/>\n<span class=\"wpcf7-form-control-wrap\" data-name=\"your-subject\"><input size=\"40\" maxlength=\"400\" class=\"wpcf7-form-control wpcf7-text wpcf7-validates-as-required\" aria-required=\"true\" aria-invalid=\"false\" value=\"\" type=\"text\" name=\"your-subject\" \/><\/span> <\/label>\n<\/p>\n<p><label> Ditt meddelande (optional)<br \/>\n<span class=\"wpcf7-form-control-wrap\" data-name=\"your-message\"><textarea cols=\"40\" rows=\"10\" maxlength=\"2000\" class=\"wpcf7-form-control wpcf7-textarea\" aria-invalid=\"false\" name=\"your-message\"><\/textarea><\/span> <\/label><br \/>\nV\u00e4nligen l\u00e4s v\u00e5r Integritetspolicy*. Din personliga data anv\u00e4nds f\u00f6r att behandla ditt meddelande.\n<\/p>\n<p><input class=\"wpcf7-form-control wpcf7-submit has-spinner\" type=\"submit\" value=\"Skicka\" \/>\n<\/p><div class=\"wpcf7-response-output\" aria-hidden=\"true\"><\/div>\n<\/form>\n<\/div>\n\t\t\t\t\t\t\t\t<\/div>\n\t\t\t\t<\/div>\n\t\t\t\t\t<\/div>\n\t\t\t\t<\/div>\n\t\t\t\t<\/div>\n\t\t","protected":false},"excerpt":{"rendered":"<p>Kundservice Om du har n\u00e5gra fr\u00e5gor ang\u00e5ende v\u00e5ra produkter, din best\u00e4llning, v\u00e5ra villkor, leveranstiden eller n\u00e5gon annan fr\u00e5ga, eller kommentar s\u00e5 tveka inte att anv\u00e4nda kontaktformul\u00e4ret nedan f\u00f6r att komma i kontakt med v\u00e5r kundtj\u00e4nst. Observera att du m\u00e5ste ange en giltig e-postadress f\u00f6r att vi ska kunna ge dig ett svar. Vi s\u00e4tter verkligen [&hellip;]<\/p>\n","protected":false},"author":1,"featured_media":0,"parent":0,"menu_order":0,"comment_status":"closed","ping_status":"closed","template":"","meta":{"footnotes":""},"class_list":["post-2693","page","type-page","status-publish","hentry"],"_links":{"self":[{"href":"https:\/\/falcontailor.com\/sv\/wp-json\/wp\/v2\/pages\/2693","targetHints":{"allow":["GET"]}}],"collection":[{"href":"https:\/\/falcontailor.com\/sv\/wp-json\/wp\/v2\/pages"}],"about":[{"href":"https:\/\/falcontailor.com\/sv\/wp-json\/wp\/v2\/types\/page"}],"author":[{"embeddable":true,"href":"https:\/\/falcontailor.com\/sv\/wp-json\/wp\/v2\/users\/1"}],"replies":[{"embeddable":true,"href":"https:\/\/falcontailor.com\/sv\/wp-json\/wp\/v2\/comments?post=2693"}],"version-history":[{"count":10,"href":"https:\/\/falcontailor.com\/sv\/wp-json\/wp\/v2\/pages\/2693\/revisions"}],"predecessor-version":[{"id":16631,"href":"https:\/\/falcontailor.com\/sv\/wp-json\/wp\/v2\/pages\/2693\/revisions\/16631"}],"wp:attachment":[{"href":"https:\/\/falcontailor.com\/sv\/wp-json\/wp\/v2\/media?parent=2693"}],"curies":[{"name":"wp","href":"https:\/\/api.w.org\/{rel}","templated":true}]}}