{"id":2696,"date":"2017-10-01T09:49:03","date_gmt":"2017-10-01T09:49:03","guid":{"rendered":"http:\/\/sandbox.falcontailor.com\/leveransinformation\/"},"modified":"2024-10-09T14:04:17","modified_gmt":"2024-10-09T14:04:17","slug":"leveransinformation-2","status":"publish","type":"page","link":"https:\/\/falcontailor.com\/sv\/leveransinformation-2\/","title":{"rendered":"Leveransinformation"},"content":{"rendered":"<p>[vc_row][vc_column][vc_single_image image=&#8221;1416&#8243; img_size=&#8221;800&#215;400&#8243; add_caption=&#8221;yes&#8221; alignment=&#8221;center&#8221;][vc_column_text]<\/p>\n<p style=\"text-align: center;\"><strong>Vi \u00e4r stolta<\/strong> \u00f6ver att kunna erbjuda snabbast leverans i branschen. Detta \u00e4r m\u00f6jligt genom partnerskapsavtal med v\u00e4rldens ledande fraktf\u00f6retag.<\/p>\n<p>[\/vc_column_text][\/vc_column][\/vc_row][vc_row][vc_column][vc_empty_space height=&#8221;48px&#8221;][vc_column_text]<\/p>\n<h1 style=\"text-align: center;\"><strong>Leveransinformation<\/strong><\/h1>\n<hr \/>\n<h2 style=\"text-align: center;\"><strong>Fri frakt<\/strong><\/h2>\n<p style=\"text-align: center;\">Vi erbjuder alltid fri frakt p\u00e5 alla ordrar \u00f6ver 1000 kr. Ordrar under 1000 kr debiterar vi 150 kr.<\/p>\n<h2 style=\"text-align: center;\"><strong>Snabb leverans<\/strong><\/h2>\n<p style=\"text-align: center;\">Vi erbjuder den snabbaste leveransen i branschen.<\/p>\n<p style=\"text-align: center;\">Du kan f\u00f6lja din order genom DHLs sp\u00e5rningssystem.<\/p>\n<h2 style=\"text-align: center;\"><strong>Leveranstid<\/strong><\/h2>\n<p style=\"text-align: center;\">Direkt n\u00e4r vi tar emot din order, s\u00e5 b\u00f6rjar v\u00e5ra kunniga skr\u00e4ddare tillverka ditt plagg. Den uppskattade leveranstiden \u00e4r 2-3 veckor.<\/p>\n<p style=\"text-align: center;\">Din order levereras direkt av DHL \u2013 till din d\u00f6rr eller till en DHL service point \u2013 beroende p\u00e5 tillg\u00e4nglighet p\u00e5 din ort. Alla v\u00e5ra plagg \u00e4r professionellt packade i skadef\u00f6rebyggande plast.<\/p>\n<p style=\"text-align: center;\">N\u00e4r din order skickas s\u00e5 kommer du f\u00e5 ett e-postmeddelande fr\u00e5n oss med sp\u00e5rningsinformation som l\u00e5ter dig f\u00f6lja din order. Om du uppgav ditt telefonnummer n\u00e4r du lade ordern s\u00e5 kommer du ocks\u00e5 f\u00e5 ett sms.<\/p>\n<p>[\/vc_column_text][\/vc_column][\/vc_row][vc_row][vc_column width=&#8221;1\/3&#8243;][\/vc_column][vc_column width=&#8221;1\/3&#8243;][vc_images_carousel images=&#8221;15899,15896&#8243; img_size=&#8221;400&#215;400&#8243;][\/vc_column][vc_column width=&#8221;1\/3&#8243;][\/vc_column][\/vc_row]<\/p>\n","protected":false},"excerpt":{"rendered":"<p>[vc_row][vc_column][vc_single_image image=&#8221;1416&#8243; img_size=&#8221;800&#215;400&#8243; add_caption=&#8221;yes&#8221; alignment=&#8221;center&#8221;][vc_column_text] Vi \u00e4r stolta \u00f6ver att kunna erbjuda snabbast leverans i branschen. Detta \u00e4r m\u00f6jligt genom partnerskapsavtal med v\u00e4rldens ledande fraktf\u00f6retag. [\/vc_column_text][\/vc_column][\/vc_row][vc_row][vc_column][vc_empty_space height=&#8221;48px&#8221;][vc_column_text] Leveransinformation Fri frakt Vi erbjuder alltid fri frakt p\u00e5 alla ordrar \u00f6ver 1000 kr. Ordrar under 1000 kr debiterar vi 150 kr. Snabb leverans Vi erbjuder den snabbaste [&hellip;]<\/p>\n","protected":false},"author":3,"featured_media":0,"parent":0,"menu_order":0,"comment_status":"closed","ping_status":"closed","template":"","meta":{"footnotes":""},"class_list":["post-2696","page","type-page","status-publish","hentry"],"_links":{"self":[{"href":"https:\/\/falcontailor.com\/sv\/wp-json\/wp\/v2\/pages\/2696","targetHints":{"allow":["GET"]}}],"collection":[{"href":"https:\/\/falcontailor.com\/sv\/wp-json\/wp\/v2\/pages"}],"about":[{"href":"https:\/\/falcontailor.com\/sv\/wp-json\/wp\/v2\/types\/page"}],"author":[{"embeddable":true,"href":"https:\/\/falcontailor.com\/sv\/wp-json\/wp\/v2\/users\/3"}],"replies":[{"embeddable":true,"href":"https:\/\/falcontailor.com\/sv\/wp-json\/wp\/v2\/comments?post=2696"}],"version-history":[{"count":20,"href":"https:\/\/falcontailor.com\/sv\/wp-json\/wp\/v2\/pages\/2696\/revisions"}],"predecessor-version":[{"id":16452,"href":"https:\/\/falcontailor.com\/sv\/wp-json\/wp\/v2\/pages\/2696\/revisions\/16452"}],"wp:attachment":[{"href":"https:\/\/falcontailor.com\/sv\/wp-json\/wp\/v2\/media?parent=2696"}],"curies":[{"name":"wp","href":"https:\/\/api.w.org\/{rel}","templated":true}]}}