{"id":2709,"date":"2017-10-02T13:35:19","date_gmt":"2017-10-02T13:35:19","guid":{"rendered":"http:\/\/sandbox.falcontailor.com\/passformsgaranti\/"},"modified":"2026-05-09T13:41:30","modified_gmt":"2026-05-09T13:41:30","slug":"passformsgaranti","status":"publish","type":"page","link":"https:\/\/falcontailor.com\/sv\/passformsgaranti\/","title":{"rendered":"Passformsgaranti"},"content":{"rendered":"<p>[vc_row][vc_column][vc_single_image image=&#8221;1490&#8243; img_size=&#8221;800&#215;400&#8243; add_caption=&#8221;yes&#8221; alignment=&#8221;center&#8221;][vc_empty_space height=&#8221;48px&#8221;][vc_column_text]<\/p>\n<h1 style=\"text-align: center;\"><strong>Passformsgaranti<\/strong><\/h1>\n<p>[\/vc_column_text][\/vc_column][\/vc_row][vc_row][vc_column][vc_empty_space height=&#8221;48px&#8221;][vc_column_text]<\/p>\n<h2 data-section-id=\"1bz33fq\" data-start=\"20\" data-end=\"55\">Vi vet att passformen \u00e4r viktig.<\/h2>\n<p data-start=\"57\" data-end=\"212\">Det tar bara n\u00e5gra minuter att ta dina m\u00e5tt, och genom att f\u00f6lja v\u00e5r m\u00e5ttguide kan vi s\u00e4kerst\u00e4lla en exakt och bekv\u00e4m passform som \u00e4r skr\u00e4ddarsydd f\u00f6r dig.<\/p>\n<p data-start=\"214\" data-end=\"437\">Varje plagg tillverkas individuellt f\u00f6r hand under noggrann kvalitetskontroll. I de s\u00e4llsynta fall justeringar beh\u00f6vs bidrar Falcontailor till lokala skr\u00e4dderi\u00e4ndringar eller erbjuder, vid behov, en nyproduktion av plagget.<\/p>\n<p data-start=\"439\" data-end=\"554\" data-is-last-node=\"\" data-is-only-node=\"\">F\u00f6r fullst\u00e4ndig information om \u00e4ndringar, omproduktion och villkor, v\u00e4nligen se v\u00e5r policy f\u00f6r <strong><a href=\"\/sv\/returer-och-andringar\/\">Returer och \u00e4ndringar*.<\/a><\/strong><\/p>\n<p>[\/vc_column_text][vc_empty_space height=&#8221;48px&#8221;][\/vc_column][\/vc_row]<\/p>\n","protected":false},"excerpt":{"rendered":"<p>[vc_row][vc_column][vc_single_image image=&#8221;1490&#8243; img_size=&#8221;800&#215;400&#8243; add_caption=&#8221;yes&#8221; alignment=&#8221;center&#8221;][vc_empty_space height=&#8221;48px&#8221;][vc_column_text] Passformsgaranti [\/vc_column_text][\/vc_column][\/vc_row][vc_row][vc_column][vc_empty_space height=&#8221;48px&#8221;][vc_column_text] Vi vet att passformen \u00e4r viktig. Det tar bara n\u00e5gra minuter att ta dina m\u00e5tt, och genom att f\u00f6lja v\u00e5r m\u00e5ttguide kan vi s\u00e4kerst\u00e4lla en exakt och bekv\u00e4m passform som \u00e4r skr\u00e4ddarsydd f\u00f6r dig. Varje plagg tillverkas individuellt f\u00f6r hand under noggrann kvalitetskontroll. I de s\u00e4llsynta [&hellip;]<\/p>\n","protected":false},"author":3,"featured_media":0,"parent":0,"menu_order":0,"comment_status":"closed","ping_status":"closed","template":"","meta":{"footnotes":""},"class_list":["post-2709","page","type-page","status-publish","hentry"],"_links":{"self":[{"href":"https:\/\/falcontailor.com\/sv\/wp-json\/wp\/v2\/pages\/2709","targetHints":{"allow":["GET"]}}],"collection":[{"href":"https:\/\/falcontailor.com\/sv\/wp-json\/wp\/v2\/pages"}],"about":[{"href":"https:\/\/falcontailor.com\/sv\/wp-json\/wp\/v2\/types\/page"}],"author":[{"embeddable":true,"href":"https:\/\/falcontailor.com\/sv\/wp-json\/wp\/v2\/users\/3"}],"replies":[{"embeddable":true,"href":"https:\/\/falcontailor.com\/sv\/wp-json\/wp\/v2\/comments?post=2709"}],"version-history":[{"count":9,"href":"https:\/\/falcontailor.com\/sv\/wp-json\/wp\/v2\/pages\/2709\/revisions"}],"predecessor-version":[{"id":19842,"href":"https:\/\/falcontailor.com\/sv\/wp-json\/wp\/v2\/pages\/2709\/revisions\/19842"}],"wp:attachment":[{"href":"https:\/\/falcontailor.com\/sv\/wp-json\/wp\/v2\/media?parent=2709"}],"curies":[{"name":"wp","href":"https:\/\/api.w.org\/{rel}","templated":true}]}}