{"id":2711,"date":"2017-10-02T13:36:36","date_gmt":"2017-10-02T13:36:36","guid":{"rendered":"http:\/\/sandbox.falcontailor.com\/hjalp-kontakt\/"},"modified":"2019-07-05T12:54:28","modified_gmt":"2019-07-05T12:54:28","slug":"hjalp-kontakt","status":"publish","type":"page","link":"https:\/\/falcontailor.com\/sv\/hjalp-kontakt\/","title":{"rendered":"Hj\u00e4lp &#038; kontakt"},"content":{"rendered":"<p>[vc_row][vc_column][vc_column_text]<\/p>\n<h1><strong>Kundservice<\/strong><\/h1>\n<p>&nbsp;<\/p>\n<p style=\"text-align: left;\">Om du har n\u00e5gra fr\u00e5gor ang\u00e5ende v\u00e5ra produkter, din best\u00e4llning, v\u00e5ra villkor, leveranstiden eller n\u00e5gon annan fr\u00e5ga, eller kommentar s\u00e5 tveka inte att anv\u00e4nda kontaktformul\u00e4ret nedan f\u00f6r att komma i kontakt med v\u00e5r kundtj\u00e4nst. Observera att du m\u00e5ste ange en giltig e-postadress f\u00f6r att vi ska kunna ge dig ett svar.<\/p>\n<p style=\"text-align: left;\">Vi s\u00e4tter verkligen v\u00e4rde p\u00e5 v\u00e5ra kunder och f\u00f6rst\u00e5r att ett snabbt svar p\u00e5 din fr\u00e5ga \u00e4r av stor betydelse! Vi svarar dig p\u00e5 24 timmar \u2013 ofta snabbare. I s\u00e4llsynta fall har vi mycket h\u00f6ga volymer p\u00e5 e-post och ber om din f\u00f6rst\u00e5else f\u00f6r att det ibland kan ta lite l\u00e4ngre tid att svara.<\/p>\n<p style=\"text-align: left;\">Vi har ingen kundsupport via telefon.<\/p>\n<p style=\"text-align: left;\">.<\/p>\n<p><strong>V\u00e4nligen fyll i formul\u00e4ret nedan eller skicka e-post till <a href=\"mailto:contact@falcontailor.com\">contact@falcontailor.com<\/a><\/strong>[\/vc_column_text][\/vc_column][\/vc_row][vc_row][vc_column]<p class=\"wpcf7-contact-form-not-found\"><strong>Fel:<\/strong> Kontaktformul\u00e4r hittades inte.<\/p>[\/vc_column][\/vc_row][vc_row][vc_column][\/vc_column][\/vc_row]<\/p>\n<p style=\"text-align: center;\">V\u00e4nligen l\u00e4s v\u00e5r <a href=\"\/sv\/integritetspolicy\/\"><strong>Integritetspolicy*<\/strong><\/a>. Din personliga data anv\u00e4nds f\u00f6r att behandla ditt meddelande.<\/p>\n","protected":false},"excerpt":{"rendered":"<p>[vc_row][vc_column][vc_column_text] Kundservice &nbsp; Om du har n\u00e5gra fr\u00e5gor ang\u00e5ende v\u00e5ra produkter, din best\u00e4llning, v\u00e5ra villkor, leveranstiden eller n\u00e5gon annan fr\u00e5ga, eller kommentar s\u00e5 tveka inte att anv\u00e4nda kontaktformul\u00e4ret nedan f\u00f6r att komma i kontakt med v\u00e5r kundtj\u00e4nst. Observera att du m\u00e5ste ange en giltig e-postadress f\u00f6r att vi ska kunna ge dig ett svar. Vi [&hellip;]<\/p>\n","protected":false},"author":3,"featured_media":0,"parent":0,"menu_order":0,"comment_status":"closed","ping_status":"closed","template":"","meta":{"footnotes":""},"class_list":["post-2711","page","type-page","status-publish","hentry"],"_links":{"self":[{"href":"https:\/\/falcontailor.com\/sv\/wp-json\/wp\/v2\/pages\/2711","targetHints":{"allow":["GET"]}}],"collection":[{"href":"https:\/\/falcontailor.com\/sv\/wp-json\/wp\/v2\/pages"}],"about":[{"href":"https:\/\/falcontailor.com\/sv\/wp-json\/wp\/v2\/types\/page"}],"author":[{"embeddable":true,"href":"https:\/\/falcontailor.com\/sv\/wp-json\/wp\/v2\/users\/3"}],"replies":[{"embeddable":true,"href":"https:\/\/falcontailor.com\/sv\/wp-json\/wp\/v2\/comments?post=2711"}],"version-history":[{"count":9,"href":"https:\/\/falcontailor.com\/sv\/wp-json\/wp\/v2\/pages\/2711\/revisions"}],"predecessor-version":[{"id":13702,"href":"https:\/\/falcontailor.com\/sv\/wp-json\/wp\/v2\/pages\/2711\/revisions\/13702"}],"wp:attachment":[{"href":"https:\/\/falcontailor.com\/sv\/wp-json\/wp\/v2\/media?parent=2711"}],"curies":[{"name":"wp","href":"https:\/\/api.w.org\/{rel}","templated":true}]}}