{"id":2713,"date":"2017-10-02T13:43:55","date_gmt":"2017-10-02T13:43:55","guid":{"rendered":"http:\/\/sandbox.falcontailor.com\/hur-det-fungerar\/"},"modified":"2019-07-13T12:30:05","modified_gmt":"2019-07-13T12:30:05","slug":"hur-det-fungerar","status":"publish","type":"page","link":"https:\/\/falcontailor.com\/sv\/hur-det-fungerar\/","title":{"rendered":"Hur det fungerar"},"content":{"rendered":"<p>[vc_row el_id=&#8221;work-section&#8221;][vc_column width=&#8221;1\/6&#8243; el_class=&#8221;work-part&#8221;][vc_column_text]<\/p>\n<h2><strong>1. V\u00c4LJ PRODUKT OCH TYG<\/strong><\/h2>\n<p>[\/vc_column_text][vc_single_image image=&#8221;557&#8243; img_size=&#8221;512&#215;512&#8243; add_caption=&#8221;yes&#8221; alignment=&#8221;center&#8221; el_class=&#8221;work-image1&#8243;][vc_column_text el_class=&#8221;work-par&#8221;]V\u00e4lj en produkt eller skapa en egen fr\u00e5n start[\/vc_column_text][\/vc_column][vc_column width=&#8221;1\/6&#8243; el_class=&#8221;work-part&#8221;][vc_column_text]<\/p>\n<h2><strong>2. M\u00c4T DIG SJ\u00c4LV P\u00c5 5 MIN<\/strong><\/h2>\n<p>[\/vc_column_text][vc_single_image image=&#8221;553&#8243; img_size=&#8221;512&#215;512&#8243; add_caption=&#8221;yes&#8221; alignment=&#8221;center&#8221; el_class=&#8221;work-image1&#8243;][vc_column_text el_class=&#8221;work-par&#8221;]Enkelt med v\u00e5ra instruktioner[\/vc_column_text][\/vc_column][vc_column width=&#8221;1\/6&#8243; el_class=&#8221;work-part&#8221;][vc_column_text]<\/p>\n<h2><strong>3. BETALA ENKELT OCH S\u00c4KERT<\/strong><\/h2>\n<p>[\/vc_column_text][vc_single_image image=&#8221;549&#8243; img_size=&#8221;512&#215;512&#8243; add_caption=&#8221;yes&#8221; alignment=&#8221;center&#8221; el_class=&#8221;work-image1&#8243;][vc_column_text el_class=&#8221;work-par&#8221;]Vi erbjuder s\u00e4kra betalningar med kort och Paypal[\/vc_column_text][\/vc_column][vc_column width=&#8221;1\/6&#8243; el_class=&#8221;work-part&#8221;][vc_column_text]<\/p>\n<h2><strong>4.\u00a0SKR\u00c4DDARNA B\u00d6RJAR JOBBA<\/strong><\/h2>\n<p>[\/vc_column_text][vc_single_image image=&#8221;555&#8243; img_size=&#8221;512&#215;512&#8243; add_caption=&#8221;yes&#8221; alignment=&#8221;center&#8221; el_class=&#8221;work-image1&#8243;][vc_column_text el_class=&#8221;work-par&#8221;]Efter att ha mottagit din best\u00e4llning b\u00f6rjar v\u00e5ra skr\u00e4ddare skapa ditt individuella plagg.[\/vc_column_text][\/vc_column][vc_column width=&#8221;1\/6&#8243; el_class=&#8221;work-part&#8221;][vc_column_text]<\/p>\n<h2><strong>5. LEVERANS AV DIN PRODUKT<\/strong><\/h2>\n<p>[\/vc_column_text][vc_single_image image=&#8221;551&#8243; img_size=&#8221;512&#215;512&#8243; add_caption=&#8221;yes&#8221; alignment=&#8221;center&#8221; el_class=&#8221;work-image1&#8243;][vc_column_text el_class=&#8221;work-par&#8221;]Vi erbjuder snabb expressleverans \u00f6ver hela v\u00e4rlden[\/vc_column_text][\/vc_column][vc_column width=&#8221;1\/6&#8243; el_class=&#8221;last-work&#8221;][\/vc_column][\/vc_row][vc_row][vc_column][vc_empty_space height=&#8221;64px&#8221;][vc_column_text]<\/p>\n<h1 style=\"text-align: center;\">Hur det fungerar<\/h1>\n<p>[\/vc_column_text][vc_empty_space height=&#8221;64px&#8221;][vc_column_text]<\/p>\n<h2 style=\"text-align: left;\">SKR\u00c4DDARSYTT &#8211; TILL DINA M\u00c5TT<\/h2>\n<p>&nbsp;<\/p>\n<p style=\"text-align: left;\">Med v\u00e5r kostym- och skjortdesigner kan du enkelt skapa en kostym som passar perfekt och matchar din personlighet. Skr\u00e4ddarsytt till dina m\u00e5tt.<\/p>\n<ul style=\"text-align: left;\">\n<li>Snabbaste leveransen i branschen.<\/li>\n<li>H\u00f6gsta kvalitet p\u00e5 tyger och hantverk<\/li>\n<li>Perfekt passform med passformsgaranti<\/li>\n<li>Skr\u00e4ddarsydda kostymer och skjortor ger dig en personlig touch<\/li>\n<\/ul>\n<p style=\"text-align: left;\">Alla v\u00e5ra kostymer har mellanl\u00e4gg av kanvas och \u00e4r inte klistrade.<\/p>\n<p style=\"text-align: left;\">Kanvasen \u00e4r det tunna tyget mellan det yttre kostymtyget och fodret. M\u00e5nga hyllvaro-kavajer \u00e4r klistrade med lim. Du kan enkelt testa detta genom att nypa lite i tyget p\u00e5 den \u00f6vre framsidan. Om den \u00e4r handsydd och av god kvalitet s\u00e5 kan man k\u00e4nna tyglagret p\u00e5 insidan. Om det \u00e4r klistrad med lim, s\u00e5 kan man inte k\u00e4nna det.<\/p>\n<p style=\"text-align: left;\">Du kan v\u00e4lja mellan \u00f6ver 350+ kostymtyger och 250+ skjorttyger. Kvalitetstyger. Endast.<\/p>\n<p>[\/vc_column_text][\/vc_column][\/vc_row][vc_row][vc_column][vc_empty_space height=&#8221;64px&#8221;][\/vc_column][\/vc_row]<\/p>\n","protected":false},"excerpt":{"rendered":"<p>[vc_row el_id=&#8221;work-section&#8221;][vc_column width=&#8221;1\/6&#8243; el_class=&#8221;work-part&#8221;][vc_column_text] 1. V\u00c4LJ PRODUKT OCH TYG [\/vc_column_text][vc_single_image image=&#8221;557&#8243; img_size=&#8221;512&#215;512&#8243; add_caption=&#8221;yes&#8221; alignment=&#8221;center&#8221; el_class=&#8221;work-image1&#8243;][vc_column_text el_class=&#8221;work-par&#8221;]V\u00e4lj en produkt eller skapa en egen fr\u00e5n start[\/vc_column_text][\/vc_column][vc_column width=&#8221;1\/6&#8243; el_class=&#8221;work-part&#8221;][vc_column_text] 2. M\u00c4T DIG SJ\u00c4LV P\u00c5 5 MIN [\/vc_column_text][vc_single_image image=&#8221;553&#8243; img_size=&#8221;512&#215;512&#8243; add_caption=&#8221;yes&#8221; alignment=&#8221;center&#8221; el_class=&#8221;work-image1&#8243;][vc_column_text el_class=&#8221;work-par&#8221;]Enkelt med v\u00e5ra instruktioner[\/vc_column_text][\/vc_column][vc_column width=&#8221;1\/6&#8243; el_class=&#8221;work-part&#8221;][vc_column_text] 3. BETALA ENKELT OCH S\u00c4KERT [\/vc_column_text][vc_single_image image=&#8221;549&#8243; img_size=&#8221;512&#215;512&#8243; add_caption=&#8221;yes&#8221; alignment=&#8221;center&#8221; [&hellip;]<\/p>\n","protected":false},"author":1,"featured_media":0,"parent":0,"menu_order":0,"comment_status":"closed","ping_status":"closed","template":"","meta":{"footnotes":""},"class_list":["post-2713","page","type-page","status-publish","hentry"],"_links":{"self":[{"href":"https:\/\/falcontailor.com\/sv\/wp-json\/wp\/v2\/pages\/2713","targetHints":{"allow":["GET"]}}],"collection":[{"href":"https:\/\/falcontailor.com\/sv\/wp-json\/wp\/v2\/pages"}],"about":[{"href":"https:\/\/falcontailor.com\/sv\/wp-json\/wp\/v2\/types\/page"}],"author":[{"embeddable":true,"href":"https:\/\/falcontailor.com\/sv\/wp-json\/wp\/v2\/users\/1"}],"replies":[{"embeddable":true,"href":"https:\/\/falcontailor.com\/sv\/wp-json\/wp\/v2\/comments?post=2713"}],"version-history":[{"count":27,"href":"https:\/\/falcontailor.com\/sv\/wp-json\/wp\/v2\/pages\/2713\/revisions"}],"predecessor-version":[{"id":13772,"href":"https:\/\/falcontailor.com\/sv\/wp-json\/wp\/v2\/pages\/2713\/revisions\/13772"}],"wp:attachment":[{"href":"https:\/\/falcontailor.com\/sv\/wp-json\/wp\/v2\/media?parent=2713"}],"curies":[{"name":"wp","href":"https:\/\/api.w.org\/{rel}","templated":true}]}}