{"id":2734,"date":"2017-10-02T13:56:24","date_gmt":"2017-10-02T13:56:24","guid":{"rendered":"http:\/\/sandbox.falcontailor.com\/integritetspolicy\/"},"modified":"2019-07-13T13:41:15","modified_gmt":"2019-07-13T13:41:15","slug":"integritetspolicy","status":"publish","type":"page","link":"https:\/\/falcontailor.com\/sv\/integritetspolicy\/","title":{"rendered":"Integritetspolicy"},"content":{"rendered":"<p>[vc_row][vc_column][vc_single_image image=&#8221;357&#8243; img_size=&#8221;800&#215;400&#8243; add_caption=&#8221;yes&#8221; el_class=&#8221;privacy&#8221;][vc_empty_space height=&#8221;48px&#8221;][vc_column_text]<\/p>\n<h1 style=\"text-align: center;\"><strong>Integritetspolicy<\/strong><\/h1>\n<p style=\"text-align: center;\">Vi tar integritet v\u00e4ldigt seri\u00f6st.<\/p>\n<p>[\/vc_column_text][vc_empty_space height=&#8221;48px&#8221;][\/vc_column][\/vc_row][vc_row][vc_column][vc_column_text]<\/p>\n<h2 style=\"text-align: left;\"><strong>Dina uppgifter<\/strong><\/h2>\n<p style=\"text-align: left;\">Vi samlar inte in, bearbetar eller anv\u00e4nder n\u00e5got av ditt data eller uppgifter. Det eventuella generiska data som potentiellt kan samlas in av den tekniska plattformen, internetleverant\u00f6ren eller myndigheter \u00e4r utan v\u00e5r kontroll och ansvar och har ingen koppling till Falcontailor. Personuppgifter samlas endast in om du sj\u00e4lv registrerar det under k\u00f6pet och n\u00e4r du skapar ett nytt kundkonto eller registrerar dig f\u00f6r ett nyhetsbrev. Vi kommer aldrig s\u00e4lja, ge bort eller vidarebefordra ditt data till n\u00e5gon extern enhet eller myndighet. Vi delar dina relevanta personuppgifter, till exempel adress, med fraktbolaget och betalningsleverant\u00f6ren eftersom det \u00e4r n\u00f6dv\u00e4ndigt men endast det som \u00e4r relevant. Vi delar inte dina personuppgifter ens med v\u00e5r egen leveranskedja. Din best\u00e4llning identifieras genom ett opersonligt unikt serienummer.<\/p>\n<p style=\"text-align: left;\">Dina uppgifter \u00e4r skyddade och vi f\u00f6ljer den v\u00e4ldigt utvecklade och moderna personuppgiftslagen (1998: 204) fr\u00e5n den 24 oktober 1998. Personuppgiftslagen bygger p\u00e5 direktiv 95\/46 \/ EC, som syftar till att f\u00f6rhindra kr\u00e4nkning av personlig integritet vid behandling av personuppgifter. Datainspektionen \u00e4r en offentlig myndighet vars uppgift \u00e4r att skydda individens integritet i informationssamh\u00e4llet. Datainspektionen arbetar f\u00f6r att f\u00f6rhindra intr\u00e5ng i integritet genom information och genom utf\u00e4rdande av direktiv och stadgar. Datainspektionen\u00a0hanterar ocks\u00e5 klagom\u00e5l och utf\u00f6r inspektioner.<\/p>\n<p style=\"text-align: left;\">Fr.o.m. den 25 maj 2018 f\u00f6ljer vi EU:s nya dataskyddsf\u00f6rordning, GDPR som ers\u00e4tter personuppgiftslagen PUL. Vi uppfyllde faktiskt \u2013 tack vare v\u00e5r seri\u00f6sa syn p\u00e5 integritet &#8211; GDPRs f\u00f6rordning redan 2017. Klagom\u00e5l och inspektioner kommer att hanteras av den nya Integritetsskyddsmyndigheten som ers\u00e4tter Datainspektionen och EUGDPR.<\/p>\n<h2 style=\"text-align: left;\"><strong>Cookies och annan teknologi<\/strong><\/h2>\n<p style=\"text-align: left;\">En cookie \u00e4r en liten bit av data som en webbplats fr\u00e5gar din webbl\u00e4sare att lagra p\u00e5 din dator eller mobilenhet. cookien g\u00f6r det m\u00f6jligt f\u00f6r webbplatsen att \u201dkomma ih\u00e5g\u201d dina handlingar eller preferenser \u00f6ver tiden.<\/p>\n<p style=\"text-align: left;\">De flesta webbl\u00e4sare st\u00f6der cookies, men anv\u00e4ndare kan st\u00e4lla in sina webbl\u00e4sare f\u00f6r att avvisa dem och kan radera dem n\u00e4r de vill.<\/p>\n<p style=\"text-align: left;\">N\u00e5gra av v\u00e5ra aff\u00e4rspartners anv\u00e4nder cookies p\u00e5 v\u00e5r hemsida. Sociala medier kan logga viss information. Dessa tredjepartsteknologier \u00e4r utom v\u00e5r kontroll.<\/p>\n<p style=\"text-align: left;\">Den h\u00e4r webbplatsen anv\u00e4nder Google Analytics. Google Analytics \u00e4r en webbanalystj\u00e4nst som tillhandah\u00e5lls av Google, Inc. Google Analytics anv\u00e4nder cookies. Informationen som genereras av cookien om din anv\u00e4ndning av webbplatsen kommer att \u00f6verf\u00f6ras till och lagras av Google p\u00e5 servrar i USA. All insamlad data kommer att\u00a0f\u00f6lja\u00a0Googles sekretesspolicy.<\/p>\n<p style=\"text-align: left;\">Du kan v\u00e4gra anv\u00e4ndningen av cookies genom att v\u00e4lja l\u00e4mpliga inst\u00e4llningar i din webbl\u00e4sare, men observera att du kanske inte kan anv\u00e4nda webbplatsens fullst\u00e4ndiga funktionalitet. Genom att anv\u00e4nda denna webbplats godk\u00e4nner du behandlingen av data om dig av Google.<\/p>\n<h2 style=\"text-align: left;\"><strong>F\u00f6rfr\u00e5gningar<\/strong><\/h2>\n<p style=\"text-align: left;\">Du har naturligtvis r\u00e4tt att f\u00e5 informationen om dina personuppgifter som lagrats av oss \u00e4ndrad eller raderad. V\u00e4nligen kontakta oss. Vi debiterar inte f\u00f6r detta och vi kommer ocks\u00e5 att ge dig en bekr\u00e4ftelse p\u00e5 din f\u00f6rfr\u00e5gan.<\/p>\n<p style=\"text-align: left;\">Du kan ocks\u00e5 avregistrera dig fr\u00e5n v\u00e5rt nyhetsbrev. Du kan g\u00f6ra det antingen inloggat p\u00e5 ditt konto eller genom att kontakta oss. Du kan ocks\u00e5 klicka p\u00e5 l\u00e4nken f\u00f6r att avregistrera dig i v\u00e5rt nyhetsbrev.<\/p>\n<h2 style=\"text-align: left;\"><strong>Kontakt<\/strong><\/h2>\n<p style=\"text-align: left;\">Tveka inte att kontakta oss f\u00f6r n\u00e5gra fr\u00e5gor ang\u00e5ende dina personuppgifter.<\/p>\n<p style=\"text-align: left;\">V\u00e4nligen kontakta oss p\u00e5 e-mail <strong><a href=\"mailto:contact@falcontailor.com\">contact@falcontailor.com<\/a><\/strong> eller via v\u00e5rt kontaktformul\u00e4r p\u00e5 v\u00e5r <strong><a href=\"\/sv\/hjalp-kontakt\/\">Hj\u00e4lp &amp; kontakt*<\/a><\/strong> sida.<\/p>\n<p>[\/vc_column_text][\/vc_column][\/vc_row][vc_row][vc_column][\/vc_column][\/vc_row]<\/p>\n","protected":false},"excerpt":{"rendered":"<p>[vc_row][vc_column][vc_single_image image=&#8221;357&#8243; img_size=&#8221;800&#215;400&#8243; add_caption=&#8221;yes&#8221; el_class=&#8221;privacy&#8221;][vc_empty_space height=&#8221;48px&#8221;][vc_column_text] Integritetspolicy Vi tar integritet v\u00e4ldigt seri\u00f6st. [\/vc_column_text][vc_empty_space height=&#8221;48px&#8221;][\/vc_column][\/vc_row][vc_row][vc_column][vc_column_text] Dina uppgifter Vi samlar inte in, bearbetar eller anv\u00e4nder n\u00e5got av ditt data eller uppgifter. Det eventuella generiska data som potentiellt kan samlas in av den tekniska plattformen, internetleverant\u00f6ren eller myndigheter \u00e4r utan v\u00e5r kontroll och ansvar och har ingen koppling [&hellip;]<\/p>\n","protected":false},"author":3,"featured_media":0,"parent":0,"menu_order":0,"comment_status":"closed","ping_status":"closed","template":"","meta":{"footnotes":""},"class_list":["post-2734","page","type-page","status-publish","hentry"],"_links":{"self":[{"href":"https:\/\/falcontailor.com\/sv\/wp-json\/wp\/v2\/pages\/2734","targetHints":{"allow":["GET"]}}],"collection":[{"href":"https:\/\/falcontailor.com\/sv\/wp-json\/wp\/v2\/pages"}],"about":[{"href":"https:\/\/falcontailor.com\/sv\/wp-json\/wp\/v2\/types\/page"}],"author":[{"embeddable":true,"href":"https:\/\/falcontailor.com\/sv\/wp-json\/wp\/v2\/users\/3"}],"replies":[{"embeddable":true,"href":"https:\/\/falcontailor.com\/sv\/wp-json\/wp\/v2\/comments?post=2734"}],"version-history":[{"count":17,"href":"https:\/\/falcontailor.com\/sv\/wp-json\/wp\/v2\/pages\/2734\/revisions"}],"predecessor-version":[{"id":13797,"href":"https:\/\/falcontailor.com\/sv\/wp-json\/wp\/v2\/pages\/2734\/revisions\/13797"}],"wp:attachment":[{"href":"https:\/\/falcontailor.com\/sv\/wp-json\/wp\/v2\/media?parent=2734"}],"curies":[{"name":"wp","href":"https:\/\/api.w.org\/{rel}","templated":true}]}}