{"id":2736,"date":"2017-10-02T14:00:18","date_gmt":"2017-10-02T14:00:18","guid":{"rendered":"http:\/\/sandbox.falcontailor.com\/kvalitet-och-hantverk\/"},"modified":"2024-10-09T13:15:06","modified_gmt":"2024-10-09T13:15:06","slug":"kvalitet-och-hantverk-2","status":"publish","type":"page","link":"https:\/\/falcontailor.com\/sv\/kvalitet-och-hantverk-2\/","title":{"rendered":"Kvalitet och hantverk"},"content":{"rendered":"<p>[vc_row][vc_column][vc_single_image image=&#8221;1545&#8243; img_size=&#8221;800&#215;400&#8243; add_caption=&#8221;yes&#8221; alignment=&#8221;center&#8221; el_class=&#8221;quality&#8221;][vc_empty_space][vc_column_text]<\/p>\n<h1 style=\"text-align: center;\"><strong>Kvalitet och hantverk<\/strong><\/h1>\n<p>[\/vc_column_text][vc_empty_space][vc_column_text]<\/p>\n<hr \/>\n<h2 style=\"text-align: center;\"><strong>Hur dina plagg tillverkas<\/strong><\/h2>\n<hr \/>\n<p>[\/vc_column_text][vc_empty_space height=&#8221;12px&#8221;][vc_column_text]<\/p>\n<h5 style=\"text-align: center;\"><strong>Best\u00e4llning<\/strong><\/h5>\n<p style=\"text-align: center;\">Din orderutcheckning \u00e4r v\u00e5r ordermottagning. Precis samtidigt som du skickar in och betalar din best\u00e4llning skickas den till skr\u00e4ddarens ordermottagning.<\/p>\n<p>[\/vc_column_text][vc_empty_space height=&#8221;36px&#8221;][vc_column_text]<\/p>\n<h5 style=\"text-align: center;\"><strong>Ordervalidering och granskning<\/strong><\/h5>\n<p style=\"text-align: center;\">V\u00e5rt skr\u00e4ddarteam validerar och kontrollerar alla detaljer i din best\u00e4llning och f\u00f6rbereder den f\u00f6r tillverkning.<\/p>\n<p>[\/vc_column_text][vc_empty_space height=&#8221;52px&#8221;][vc_column_text]<\/p>\n<h5 style=\"text-align: center;\"><strong>Tillverkningsprocessen startar<\/strong><\/h5>\n<p style=\"text-align: center;\">V\u00e5ra erfarna skr\u00e4ddare ritar, m\u00e4ter och sk\u00e4r de tyger du har valt och p\u00e5b\u00f6rjar processen att sy, trimma och\u00a0pressa din\u00a0exklusiva skr\u00e4ddarsydda produkt helt f\u00f6r hand.<\/p>\n<p>[\/vc_column_text][vc_empty_space height=&#8221;38px&#8221;][vc_column_text]<\/p>\n<h5 style=\"text-align: center;\"><strong>&#8211; Expertskr\u00e4ddare och \u00e4kta hantverk<\/strong><\/h5>\n<p style=\"text-align: center;\">H\u00f6gkvalificerade och erfarna skr\u00e4ddare.<\/p>\n<h5 style=\"text-align: center;\"><strong>&#8211; Tillverkad efter dina specifika kroppsm\u00e5tt<\/strong><\/h5>\n<p style=\"text-align: center;\">\u00c4kta canvas och detaljer<\/p>\n<p style=\"text-align: center;\">Individuellt m\u00f6nster f\u00f6r varje kund<\/p>\n<h5 style=\"text-align: center;\"><b>&#8211; Mycket h\u00f6g kvalitet i material och hantverk<\/b><\/h5>\n<p style=\"text-align: center;\">V\u00e5r skr\u00e4ddarsydda atelj\u00e9 \u00e4r ett sm\u00e5skaligt familjef\u00f6retag som har vuxit l\u00e5ngsamt.<\/p>\n<p style=\"text-align: center;\">V\u00e5ra skr\u00e4ddare handplockar alla tyger &#8211; ur kvalitets- och modesynpunkt &#8211; och vi k\u00f6per aldrig tyger i bulk s\u00e5 m\u00e5nga andra skr\u00e4ddare i branschen.<\/p>\n<p>[\/vc_column_text][vc_empty_space height=&#8221;56px&#8221;][vc_column_text]<\/p>\n<h5 style=\"text-align: center;\"><strong>Slutf\u00f6rd produktberedning<\/strong><\/h5>\n<p style=\"text-align: center;\">Ditt plagg \u00e4r stryks, pressas och f\u00f6rpackas f\u00f6rsiktigt enligt den b\u00e4sta metoden. Allt f\u00f6r att det ska vara presentabelt n\u00e4r det kommer till dig.<\/p>\n<p>[\/vc_column_text][vc_empty_space height=&#8221;38px&#8221;][vc_column_text]<\/p>\n<h5 style=\"text-align: center;\"><strong>Frakt<\/strong><\/h5>\n<p style=\"text-align: center;\">Vi \u00e4r stolta \u00f6ver att kunna erbjuda den snabbaste leveransen i branschen. Detta \u00e4r m\u00f6jligt genom partnerskapsavtal med v\u00e4rldens ledande fraktbolag.<\/p>\n<p>[\/vc_column_text][\/vc_column][\/vc_row]<\/p>\n","protected":false},"excerpt":{"rendered":"<p>[vc_row][vc_column][vc_single_image image=&#8221;1545&#8243; img_size=&#8221;800&#215;400&#8243; add_caption=&#8221;yes&#8221; alignment=&#8221;center&#8221; el_class=&#8221;quality&#8221;][vc_empty_space][vc_column_text] Kvalitet och hantverk [\/vc_column_text][vc_empty_space][vc_column_text] Hur dina plagg tillverkas [\/vc_column_text][vc_empty_space height=&#8221;12px&#8221;][vc_column_text] Best\u00e4llning Din orderutcheckning \u00e4r v\u00e5r ordermottagning. Precis samtidigt som du skickar in och betalar din best\u00e4llning skickas den till skr\u00e4ddarens ordermottagning. [\/vc_column_text][vc_empty_space height=&#8221;36px&#8221;][vc_column_text] Ordervalidering och granskning V\u00e5rt skr\u00e4ddarteam validerar och kontrollerar alla detaljer i din best\u00e4llning och f\u00f6rbereder den [&hellip;]<\/p>\n","protected":false},"author":1,"featured_media":0,"parent":0,"menu_order":0,"comment_status":"closed","ping_status":"closed","template":"","meta":{"footnotes":""},"class_list":["post-2736","page","type-page","status-publish","hentry"],"_links":{"self":[{"href":"https:\/\/falcontailor.com\/sv\/wp-json\/wp\/v2\/pages\/2736","targetHints":{"allow":["GET"]}}],"collection":[{"href":"https:\/\/falcontailor.com\/sv\/wp-json\/wp\/v2\/pages"}],"about":[{"href":"https:\/\/falcontailor.com\/sv\/wp-json\/wp\/v2\/types\/page"}],"author":[{"embeddable":true,"href":"https:\/\/falcontailor.com\/sv\/wp-json\/wp\/v2\/users\/1"}],"replies":[{"embeddable":true,"href":"https:\/\/falcontailor.com\/sv\/wp-json\/wp\/v2\/comments?post=2736"}],"version-history":[{"count":22,"href":"https:\/\/falcontailor.com\/sv\/wp-json\/wp\/v2\/pages\/2736\/revisions"}],"predecessor-version":[{"id":16405,"href":"https:\/\/falcontailor.com\/sv\/wp-json\/wp\/v2\/pages\/2736\/revisions\/16405"}],"wp:attachment":[{"href":"https:\/\/falcontailor.com\/sv\/wp-json\/wp\/v2\/media?parent=2736"}],"curies":[{"name":"wp","href":"https:\/\/api.w.org\/{rel}","templated":true}]}}