{"id":2744,"date":"2017-10-02T14:02:48","date_gmt":"2017-10-02T14:02:48","guid":{"rendered":"http:\/\/sandbox.falcontailor.com\/returer-och-andringar\/"},"modified":"2019-07-13T14:22:51","modified_gmt":"2019-07-13T14:22:51","slug":"returer-och-andringar","status":"publish","type":"page","link":"https:\/\/falcontailor.com\/sv\/returer-och-andringar\/","title":{"rendered":"Returer och \u00e4ndringar"},"content":{"rendered":"<p>[vc_row][vc_column][vc_single_image image=&#8221;1432&#8243; img_size=&#8221;800&#215;400&#8243; add_caption=&#8221;yes&#8221; alignment=&#8221;center&#8221;][vc_column_text]<\/p>\n<h1 style=\"text-align: center;\"><strong>Returer och \u00e4ndringar<\/strong><\/h1>\n<p>[\/vc_column_text][\/vc_column][\/vc_row][vc_row][vc_column][vc_empty_space height=&#8221;48px&#8221;][vc_column_text]<\/p>\n<h2 style=\"text-align: left;\"><strong>Vi tar mycket allvarligt\u00a0p\u00e5 klagom\u00e5l<\/strong><\/h2>\n<p style=\"text-align: left;\">Genom v\u00e5r policy f\u00f6r returer och \u00e4ndringar kommer att g\u00f6ra allt vi kan f\u00f6r att m\u00f6ta dina krav.<\/p>\n<p style=\"text-align: left;\">Alla v\u00e5ra produkter \u00e4r handgjorda under strikt kvalitetskontroll. Men i s\u00e4llsynta fall beh\u00f6ver de justeras. Falcontailor ger dig m\u00f6jligheten att justera plagget hos en lokal skr\u00e4ddare. Om plagget inte kan \u00e4ndras s\u00e5 kommer vi att g\u00f6ra om det till dig.<\/p>\n<p style=\"text-align: left;\">Om ditt plagg t\u00e5l tv\u00e4tt enligt tv\u00e4ttinstuktionerna, s\u00e5 tv\u00e4tta f\u00f6rst plagget.<\/p>\n<p style=\"text-align: left;\">F\u00f6r att beg\u00e4ra ers\u00e4ttning:<\/p>\n<ol style=\"text-align: left;\">\n<li>V\u00e4nligen kontakta oss p\u00e5 e-post\u00a0<strong><a href=\"mailto:contact@falcontailor.com\">contact@falcontailor.com<\/a><\/strong>\u00a0eller via v\u00e5rt kontaktformul\u00e4r p\u00e5 v\u00e5r <strong><a href=\"https:\/\/falcontailor.com\/sv\/hjalp-kontakt\/\">Hj\u00e4lp &amp; kontakt-sida*<\/a><\/strong>\u00a0s\u00e5 fort som m\u00f6jligt efter leveransen av din order. Beskriv problemet s\u00e5 detaljerat som du kan. Vi kan be dig skicka foton. V\u00e4nta p\u00e5 v\u00e5rt svar.<\/li>\n<li>Ta ditt plagg till din lokala skr\u00e4ddare inom 7 dagar fr\u00e5n att du tog emot leveransen och be om en faktura och en beskrivning av \u00e4ndringarna.<\/li>\n<li>Skicka fakturan till oss p\u00e5 e-post och spara e-posthistoriken.<\/li>\n<\/ol>\n<p style=\"text-align: left;\">\u00c5terbetalningen f\u00f6r justeringar hos den lokala skr\u00e4ddaren utg\u00f6rs av dessa belopp:<\/p>\n<p style=\"text-align: left;\">Hel kostym \u2013 500 Kr<\/p>\n<p style=\"text-align: left;\">Kavaj \u2013 300 Kr<\/p>\n<p style=\"text-align: left;\">Byxor \u2013 200 Kr<\/p>\n<p style=\"text-align: left;\">Skjorta \u2013 150 Kr<\/p>\n<p style=\"text-align: left;\">Eventuella kostnader som \u00f6verstiger dessa summor betalas av kunden sj\u00e4lv.<\/p>\n<p style=\"text-align: left;\">Om det \u2013 mot alla odds \u2013 inte g\u00e5r att justera ditt plagg s\u00e5 kommer vi att erbjuda dig ett nytt plagg. Om det specifika tyget skulle vara slut s\u00e5 kan du bli ombedd att v\u00e4lja ett annat, liknande tyg. Men oroa dig inte! Vi har m\u00e4ngder av liknande tyger att v\u00e4lja mellan. Du kan bli ombedd att skicka oss det gamla plagget i retur. Vi kommer d\u00e5 att donera det till icke vinstdrivande v\u00e4lg\u00f6renhetsorganisationer. Kunden st\u00e5r f\u00f6r returfraktkostnaderna.<\/p>\n<p>[\/vc_column_text][\/vc_column][\/vc_row][vc_row][vc_column][\/vc_column][\/vc_row]<\/p>\n","protected":false},"excerpt":{"rendered":"<p>[vc_row][vc_column][vc_single_image image=&#8221;1432&#8243; img_size=&#8221;800&#215;400&#8243; add_caption=&#8221;yes&#8221; alignment=&#8221;center&#8221;][vc_column_text] Returer och \u00e4ndringar [\/vc_column_text][\/vc_column][\/vc_row][vc_row][vc_column][vc_empty_space height=&#8221;48px&#8221;][vc_column_text] Vi tar mycket allvarligt\u00a0p\u00e5 klagom\u00e5l Genom v\u00e5r policy f\u00f6r returer och \u00e4ndringar kommer att g\u00f6ra allt vi kan f\u00f6r att m\u00f6ta dina krav. Alla v\u00e5ra produkter \u00e4r handgjorda under strikt kvalitetskontroll. Men i s\u00e4llsynta fall beh\u00f6ver de justeras. Falcontailor ger dig m\u00f6jligheten att justera plagget [&hellip;]<\/p>\n","protected":false},"author":3,"featured_media":0,"parent":0,"menu_order":0,"comment_status":"closed","ping_status":"closed","template":"","meta":{"footnotes":""},"class_list":["post-2744","page","type-page","status-publish","hentry"],"_links":{"self":[{"href":"https:\/\/falcontailor.com\/sv\/wp-json\/wp\/v2\/pages\/2744","targetHints":{"allow":["GET"]}}],"collection":[{"href":"https:\/\/falcontailor.com\/sv\/wp-json\/wp\/v2\/pages"}],"about":[{"href":"https:\/\/falcontailor.com\/sv\/wp-json\/wp\/v2\/types\/page"}],"author":[{"embeddable":true,"href":"https:\/\/falcontailor.com\/sv\/wp-json\/wp\/v2\/users\/3"}],"replies":[{"embeddable":true,"href":"https:\/\/falcontailor.com\/sv\/wp-json\/wp\/v2\/comments?post=2744"}],"version-history":[{"count":11,"href":"https:\/\/falcontailor.com\/sv\/wp-json\/wp\/v2\/pages\/2744\/revisions"}],"predecessor-version":[{"id":13818,"href":"https:\/\/falcontailor.com\/sv\/wp-json\/wp\/v2\/pages\/2744\/revisions\/13818"}],"wp:attachment":[{"href":"https:\/\/falcontailor.com\/sv\/wp-json\/wp\/v2\/media?parent=2744"}],"curies":[{"name":"wp","href":"https:\/\/api.w.org\/{rel}","templated":true}]}}