{"id":2751,"date":"2017-10-02T14:16:27","date_gmt":"2017-10-02T14:16:27","guid":{"rendered":"http:\/\/sandbox.falcontailor.com\/kopvillkor\/"},"modified":"2019-07-13T14:30:44","modified_gmt":"2019-07-13T14:30:44","slug":"kopvillkor","status":"publish","type":"page","link":"https:\/\/falcontailor.com\/sv\/kopvillkor\/","title":{"rendered":"K\u00f6pvillkor"},"content":{"rendered":"<h1 style=\"text-align: center;\"><strong>Villkor<\/strong><\/h1>\n<p style=\"text-align: left;\"><strong>Gitighet<\/strong><\/p>\n<p style=\"text-align: left;\">Denna webbplats drivs av Falcontailor. P\u00e5 hela webbplatsen refererar termerna \u201cvi\u201d, \u201coss\u201d och v\u00e5r\u201d till Falcontailor. Falcontailor erbjuder inneh\u00e5llet p\u00e5 webbplatsen, inklusive all information, produkter och tj\u00e4nster under villkoret att du som anv\u00e4ndare accepterar alla k\u00f6pvillkor, policies och villkor som anges h\u00e4r.<\/p>\n<p style=\"text-align: left;\">Genom att bes\u00f6ka v\u00e5r webbplats och \/ eller k\u00f6pa n\u00e5got fr\u00e5n oss, engagerar du dig i v\u00e5ra tj\u00e4nster och accepterar att vara bunden av f\u00f6ljande villkor, inklusive de ytterligare villkor och policyer som refereras till h\u00e4r eller som \u00e4r tillg\u00e4ngliga via hyperl\u00e4nk. Dessa villkor g\u00e4ller f\u00f6r alla anv\u00e4ndare av webbplatsen, inklusive och utan begr\u00e4nsning anv\u00e4ndare som \u00e4r webbl\u00e4sare, s\u00e4ljare, kunder, handlare och medverkare av inneh\u00e5ll. Genom att genomf\u00f6ra ett k\u00f6p s\u00e5 intygar du att du \u00e4r minst 18 \u00e5r och att detta avtal \u00e4r lagligt bindande tills vidare.<\/p>\n<p style=\"text-align: left;\">L\u00e4s igenom dessa villkor noggrant innan du bes\u00f6ker eller anv\u00e4nder v\u00e5r webbplats. Genom att bes\u00f6ka eller anv\u00e4nda n\u00e5gon del av webbplatsen, eller genomf\u00f6ra ett k\u00f6p s\u00e5 accepterar du att vara bunden av dessa villkor. Om du inte godk\u00e4nner alla villkor i detta avtal ska du inte bes\u00f6ka eller anv\u00e4nda webbplatsen, anv\u00e4nda n\u00e5gra tj\u00e4nster eller g\u00f6ra n\u00e5gra ink\u00f6p.<\/p>\n<p style=\"text-align: left;\">Alla nya funktioner, produkter eller tj\u00e4nster som l\u00e4ggs till den aktuella webbplatsen omfattas ocks\u00e5 av villkoren. Du kan n\u00e4r som helst granska den senaste versionen av anv\u00e4ndarvillkoren p\u00e5 den h\u00e4r sidan. Vi f\u00f6rbeh\u00e5ller oss r\u00e4tten att uppdatera, \u00e4ndra eller ers\u00e4tta n\u00e5gon del av dessa anv\u00e4ndarvillkor genom att l\u00e4gga upp uppdateringar och \/ eller \u00e4ndringar p\u00e5 v\u00e5r webbplats. Det \u00e4r ditt ansvar att regelbundet kontrollera denna sida f\u00f6r \u00e4ndringar. Din fortsatta anv\u00e4ndning av eller bes\u00f6k till webbplatsen efter att eventuella \u00e4ndringar har utf\u00f6rts utg\u00f6r godk\u00e4nnande av dessa \u00e4ndringar.<\/p>\n<p style=\"text-align: left;\">Fr\u00e5gor om villkoren ska skickas till oss p\u00e5 <a href=\"mailto:contact@falcontailor.com\">contact@falcontailor.com<\/a>.<\/p>\n<p style=\"text-align: left;\"><strong>Tj\u00e4nster<\/strong><\/p>\n<p style=\"text-align: left;\">V\u00e5ra produkter eller tj\u00e4nster \u00e4r endast tillg\u00e4ngliga via webbplatsen. Dessa produkter eller tj\u00e4nster kan vara begr\u00e4nsade till antal och utf\u00f6rande och \u00e4r endast f\u00f6rem\u00e5l f\u00f6r retur eller byte enligt v\u00e5r <a href=\"\/sv\/returer-och-andringar\/\"><strong>Returer och \u00e4ndringar*<\/strong><\/a>-policy.<\/p>\n<p style=\"text-align: left;\">Vi har gjort allt f\u00f6r att s\u00e5 tydligt som m\u00f6jligt visa f\u00e4rger och bilder p\u00e5 v\u00e5ra produkter som finns p\u00e5 webbplatsen. Vi kan inte garantera att f\u00e4rgerna kommer att visas helt korrekt p\u00e5 din bildsk\u00e4rm. Produkterna som visas p\u00e5 webbplatsen \u00e4r visualiseringar av skr\u00e4ddarsydda plagg. Det \u00e4r inte s\u00e4kert att de ser exakt ut som plagget som tillverkas efter dina m\u00e5tt och preferenser.<\/p>\n<p style=\"text-align: left;\">Vi f\u00f6rbeh\u00e5ller oss r\u00e4tten, men \u00e4r inte skyldiga, att begr\u00e4nsa f\u00f6rs\u00e4ljningen av v\u00e5ra produkter eller tj\u00e4nster till person, geografisk region eller jurisdiktion. Vi kan ut\u00f6va denna r\u00e4tt fr\u00e5n fall till fall. Vi f\u00f6rbeh\u00e5ller oss r\u00e4tten att begr\u00e4nsa kvantiteterna av produkter eller tj\u00e4nster som vi erbjuder. Alla beskrivningar av produkter eller produktpriser kan \u00e4ndras n\u00e4r som helst utan f\u00f6reg\u00e5ende meddelande, efter eget gottfinnande. Vi f\u00f6rbeh\u00e5ller oss r\u00e4tten att upph\u00f6ra med n\u00e5gon produkt n\u00e4r som helst. Om ett eventuellt erbjudande f\u00f6r n\u00e5gon produkt eller tj\u00e4nst p\u00e5 denna webbplats \u00e4r f\u00f6rbjuden s\u00e5 \u00e4r det erbjudandet ogiltigt.<\/p>\n<p style=\"text-align: left;\">Vi f\u00f6rbeh\u00e5ller oss r\u00e4tten att v\u00e4gra order som du l\u00e4gger hos oss. Vi kan, efter eget gottfinnande, begr\u00e4nsa eller avbryta k\u00f6pta kvantiteter per person, per hush\u00e5ll eller per order. Dessa begr\u00e4nsningar kan innefatta best\u00e4llningar som \u00e4r placerade av eller under samma kundkonto, samma kreditkort och \/ eller order som anv\u00e4nder samma fakturerings- och \/ eller leveransadress. Om vi \u200b\u200b\u00e4ndrar eller avbryter en best\u00e4llning kan vi f\u00f6rs\u00f6ka att meddela dig genom att kontakta e-postadressen och \/ eller faktureringsadressen \/ telefonnumret som gavs vid best\u00e4llningstillf\u00e4llet. Vi f\u00f6rbeh\u00e5ller oss r\u00e4tten att begr\u00e4nsa eller f\u00f6rbjuda order som enligt v\u00e5r bed\u00f6mning verkar vara gjorda av f\u00f6rs\u00e4ljare, butiker, \u00e5terf\u00f6rs\u00e4ljare eller distribut\u00f6rer.<\/p>\n<p style=\"text-align: left;\"><strong>Fel, felaktigheter och utel\u00e4mnanden<\/strong><\/p>\n<p style=\"text-align: left;\">Ibland kan det finnas information p\u00e5 v\u00e5r webbplats eller tj\u00e4nster som inneh\u00e5ller stavfel, felaktigheter eller f\u00f6rsummelser som relaterar till produktbeskrivningar, priss\u00e4ttning, kampanjer, erbjudanden, fraktkostnader, transiteringstid och tillg\u00e4nglighet. Vi f\u00f6rbeh\u00e5ller oss r\u00e4tten att korrigera eventuella fel, felaktigheter eller utel\u00e4mnanden och \u00e4ndra eller uppdatera information eller avbryta order om n\u00e5gon information i tj\u00e4nsterna eller p\u00e5 n\u00e5gon relaterad webbplats \u00e4r oriktig n\u00e4r som helst utan f\u00f6reg\u00e5ende meddelande (inklusive efter best\u00e4llning).<\/p>\n<p style=\"text-align: left;\">Vi har ingen skyldighet att uppdatera, \u00e4ndra eller klarg\u00f6ra information i tj\u00e4nsterna eller p\u00e5 n\u00e5gon relaterad webbplats, inklusive prisinformation, med undantag av vad som kr\u00e4vs enligt lag. Inget angivet uppdaterings- eller uppdateringsdatum som till\u00e4mpas i tj\u00e4nsterna eller p\u00e5 n\u00e5gon relaterad webbplats b\u00f6r antas ange att all information i tj\u00e4nsterna eller p\u00e5 n\u00e5gon relaterad webbplats har \u00e4ndrats eller uppdaterats.<\/p>\n<p style=\"text-align: left;\"><strong>Best\u00e4llning, produktion, leverans och frakt<\/strong><\/p>\n<p style=\"text-align: left;\">Vid best\u00e4llning skickar vi ut ett bekr\u00e4ftelsemail till den e-postadress du angett. Vi kommer att\u00a0tillverka och leverera det du best\u00e4llt. Du b\u00f6r kontrollera din best\u00e4llning noga efter eventuella fel innan du skickar in den. Om vi \u200b\u200bhar n\u00e5gra fr\u00e5gor ang\u00e5ende din best\u00e4llning, kommer vi att kontakta dig p\u00e5 den e-postadress du angett. N\u00e4r tillverkningen av en skr\u00e4ddarsydd plaggbest\u00e4llning har b\u00f6rjat, kan du inte korrigera n\u00e5gra detaljer i din best\u00e4llning. Om du uppt\u00e4cker ett fel i ordern efter att du har skickat den, till exempel i orderbekr\u00e4ftelsen, \u00e4r det viktigt att du kontaktar oss omedelbart. Vi kommer att g\u00f6ra v\u00e5rt b\u00e4sta f\u00f6r att f\u00f6rs\u00f6ka \u00e4ndra din order, men vi garanterar inte att det kommer att vara m\u00f6jligt n\u00e4r det har n\u00e5tt v\u00e5ra skr\u00e4ddare och de har b\u00f6rjat sk\u00e4ra. Det kan ocks\u00e5 vara sv\u00e5rt, s\u00e4rskilt under helger och helgdagar.<\/p>\n<p style=\"text-align: left;\">Du kommer att bli underr\u00e4ttad under best\u00e4llningsprocessen. Alla v\u00e5ra produkter och tj\u00e4nster \u00e4r f\u00f6rem\u00e5l f\u00f6r informationen enligt v\u00e5r <strong><a href=\"\/sv\/leveransinformation\/\">Leveransinformation*<\/a><\/strong>.<\/p>\n<p style=\"text-align: left;\">F\u00f6r paket som nekas, inte h\u00e4mtas eller returneras till oss kommer vi att debitera dig 490 Kr f\u00f6r att t\u00e4cka v\u00e5ra hanteringskostnader.<\/p>\n<p style=\"text-align: left;\">I s\u00e4llsynta fall &#8211; i vissa l\u00e4nder &#8211; h\u00e5lls paketet kvar i tullen trots att v\u00e5r fraktleverant\u00f6r korrekt hanterar alla avgifter. Om det h\u00e4nder, kontakta oss d\u00e5 omedelbart innan du betalar n\u00e5got f\u00f6r tullen. Skicka oss en bild av fakturan &#8211; vi kommer att hantera fr\u00e5gan och, om till\u00e4mpligt, ers\u00e4tta dig f\u00f6r avgiften.<\/p>\n<p style=\"text-align: left;\"><strong>Priser<\/strong><\/p>\n<p style=\"text-align: left;\">Priserna som erbjuds p\u00e5 denna sida \u00e4r det slutliga priset till ditt destinationsland baserat p\u00e5 leveransadressen du anger. Alla skatter, moms och frakt ing\u00e5r. Ingen extra kostnad tillkommer. Priserna f\u00f6r v\u00e5ra produkter kan \u00e4ndras utan f\u00f6reg\u00e5ende meddelande.<\/p>\n<p style=\"text-align: left;\">Priserna p\u00e5 destinationer inom Europeiska Unionen inkluderar svensk moms 25% enligt de europeiska reglerna f\u00f6r skatte- och tullunionen.<\/p>\n<p style=\"text-align: left;\"><strong>Betalningsvillkor<\/strong><\/p>\n<p style=\"text-align: left;\">Betalning kan g\u00f6ras med kredit- och betalkort Visa, Mastercard, American Express, Discover, JCB och Diners Club-kort\u00a0 via Stipe betalningstj\u00e4nst, som \u00e4r PCI-DSS-certifierad. Betalning kan ocks\u00e5 g\u00f6ras via Paypal i de l\u00e4nder d\u00e4r de erbjuder sina tj\u00e4nster.<\/p>\n<p style=\"text-align: left;\"><strong>Returer<\/strong><strong>\u00a0och \u00e4ndringar-policy<\/strong><\/p>\n<p style=\"text-align: left;\">V\u00e5ra produkter och tj\u00e4nster \u00e4r endast f\u00f6rem\u00e5l f\u00f6r retur eller byte enligt v\u00e5r <a href=\"\/sv\/returer-och-andringar\/\"><strong>Returer och \u00e4ndringar*<\/strong><\/a>-policy.<\/p>\n<p style=\"text-align: left;\"><strong>Passformsgaranti<\/strong><\/p>\n<p style=\"text-align: left;\">Vi erbjuder passformsgaranti f\u00f6r v\u00e5ra skr\u00e4ddarsydda plagg enligt v\u00e5r <strong><a href=\"https:\/\/falcontailor.com\/sv\/passformsgaranti\/\">Passformsgaranti<\/a>*<\/strong>.<\/p>\n<p style=\"text-align: left;\"><strong>Sk\u00f6tselr\u00e5d<\/strong><\/p>\n<p style=\"text-align: left;\">Endast kemtv\u00e4tt. Strykning endast med en handduk mellan strykj\u00e4rnet och tyget. H\u00e4ng ditt skr\u00e4ddarsydda plagg p\u00e5 en galge n\u00e4r du inte anv\u00e4nder det. Du kan spraya lite kallt vatten p\u00e5 tyget f\u00f6r att r\u00e4ta ut rynkor.<\/p>\n<p style=\"text-align: left;\"><strong>Kundservice<\/strong><\/p>\n<p style=\"text-align: left;\">Vi erbjuder kundservice endast genom och v\u00e5r\u00a0<strong><a href=\"https:\/\/falcontailor.com\/sv\/hjalp-kontakt\/\">Kundsupport*<\/a><\/strong>.<\/p>\n<p style=\"text-align: left;\"><strong>Integritetspolicy<\/strong><\/p>\n<p style=\"text-align: left;\">Ditt angivande av personlig information genom v\u00e5r webbplats regleras av v\u00e5r <a href=\"https:\/\/falcontailor.com\/sv\/integritetspolicy\/\"><strong>Integritetspolicy*<\/strong><\/a> som \u00e4ven inneh\u00e5ller v\u00e5r cookie-policy.<\/p>\n<p style=\"text-align: left;\"><strong>Kundf\u00f6rpliktelser<\/strong><\/p>\n<p style=\"text-align: left;\">Du f\u00f6rpliktigar dig till att tillhandah\u00e5lla aktuell, fullst\u00e4ndig och exakt ink\u00f6ps- och kontoinformation f\u00f6r alla ink\u00f6p som g\u00f6rs i v\u00e5r butik. Du godk\u00e4nner att du h\u00e5ller ditt konto och annan information uppdaterad, inklusive din e-postadress och kreditkortsnummer och utg\u00e5ngsdatum, s\u00e5 att vi kan slutf\u00f6ra dina transaktioner och kontakta dig efter behov.<\/p>\n<p style=\"text-align: left;\">Det \u00e4r ditt ansvar att kontrollera orderbekr\u00e4ftelsen noggrant efter eventuella fel och att kontrollera din e-post f\u00f6r fr\u00e5gor fr\u00e5n oss ang\u00e5ende din best\u00e4llning.<\/p>\n<p style=\"text-align: left;\">Det \u00e4r ditt ansvar att h\u00e4mta din best\u00e4llning inom 14 dagar efter leverans till ditt paketuth\u00e4mtningsst\u00e4lle.<\/p>\n<p style=\"text-align: left;\">Om du skickar inl\u00e4gg eller p\u00e5 beg\u00e4ran av oss skickar du kreativa id\u00e9er, f\u00f6rslag, f\u00f6rslag, planer eller annat material, antingen online, via e-post, via post eller p\u00e5 annat s\u00e4tt kommenterar godk\u00e4nner du att vi, n\u00e4r som helst, kan, utan begr\u00e4nsning, redigera, kopiera, publicera, distribuera, \u00f6vers\u00e4tta och p\u00e5 annat s\u00e4tt anv\u00e4nda eventuella kommentarer som du vidarebefordrar till oss p\u00e5 v\u00e5r webbplats eller n\u00e5got annat medium. Vi \u00e4r och ska inte vara skyldiga att (1) hemligh\u00e5lla n\u00e5gra kommentarer i f\u00f6rtroende (2) att betala ers\u00e4ttning f\u00f6r eventuella kommentarer; eller (3) f\u00f6r att svara p\u00e5 eventuella kommentarer. Men vi informerar om att din integritet skyddas enligt v\u00e5r <strong><a href=\"https:\/\/falcontailor.com\/sv\/integritetspolicy\/\">Integritetspolicy<\/a>*<\/strong>.<\/p>\n<p style=\"text-align: left;\">Vi kan, men har ingen skyldighet att \u00f6vervaka, redigera eller ta bort inneh\u00e5ll som vi best\u00e4mmer enligt v\u00e5rt eget gottfinnande \u00e4r olagliga, offensiva, hotande, kr\u00e4nkande, \u00e4rekr\u00e4nkande, pornografiska, obscena eller p\u00e5 annat s\u00e4tt anst\u00f6tliga eller som bryter mot partens immateriella \u00e4gander\u00e4tt eller dessa villkor .<\/p>\n<p style=\"text-align: left;\">Du godk\u00e4nner att dina kommentarer inte bryter mot n\u00e5gon tredje parts r\u00e4ttigheter, inklusive upphovsr\u00e4tt, varum\u00e4rke, integritet, personlighet eller annan personlig eller propriet\u00e4r r\u00e4ttighet. Du godk\u00e4nner vidare att dina kommentarer inte kommer att inneh\u00e5lla injuriskt eller olagligt, missbrukande eller obscent material eller inneh\u00e5lla n\u00e5got datavirus eller annan skadlig kod som p\u00e5 n\u00e5got s\u00e4tt kan p\u00e5verka driften av webbplatsen eller n\u00e5gon relaterad webbplats. Du f\u00e5r inte anv\u00e4nda en falsk e-postadress, l\u00e5tsas vara n\u00e5gon annan \u00e4n dig sj\u00e4lv eller p\u00e5 annat s\u00e4tt vilseleda oss eller tredje part om ursprunget till eventuella kommentarer. Du \u00e4r ensam ansvarig f\u00f6r eventuella synpunkter du g\u00f6r och deras noggrannhet. Vi p\u00e5tar oss inget ansvar och tar inget ansvar f\u00f6r eventuella kommentarer fr\u00e5n dig eller n\u00e5gon tredje part.<\/p>\n<p style=\"text-align: left;\">Ut\u00f6ver andra f\u00f6rbud enligt villkoren, s\u00e5 \u00e4r du \u00e4ven f\u00f6rbjuden att anv\u00e4nda webbplatsen eller dess inneh\u00e5ll: (a) f\u00f6r olagligt syfte, (b) att uppmana andra att utf\u00f6ra eller delta i olagliga handlingar, (c) att bryta mot internationella, federala, provinsiella eller statliga best\u00e4mmelser, regler, lagar eller lokala f\u00f6rordningar, (d) att \u00e5sidos\u00e4tta eller bryta mot v\u00e5ra immateriella r\u00e4ttigheter eller andra m\u00e4nniskors immateriella r\u00e4ttigheter (e) att trakassera, misshandla, f\u00f6rol\u00e4mpa, skada, anklaga, f\u00f6rtala, avskr\u00e4cka, skr\u00e4mma eller diskriminera p\u00e5 grund av k\u00f6n, sexuell l\u00e4ggning, religion, etnicitet, ras, \u00e5lder, nationellt ursprung eller funktionshinder (f) l\u00e4mna in falsk eller vilseledande information (g) ladda upp eller \u00f6verf\u00f6ra virus eller n\u00e5gon annan typ av skadlig kod som kan eller kan anv\u00e4ndas p\u00e5 n\u00e5got s\u00e4tt som p\u00e5verkar funktionaliteten eller driften av tj\u00e4nsten eller av n\u00e5gon relaterad webbplats, andra webbplatser eller Internet (h) att samla in eller sp\u00e5ra andra personers personuppgifter (i) att \u00e4gna dig \u00e5t spam, phishing, pharm, pretext, spider, crawl, or scrape; (j) i oanst\u00e4ndigt eller omoraliskt syfte eller (k) att st\u00f6ra eller kringg\u00e5 s\u00e4kerhetsfunktionerna hos webbplatsen eller n\u00e5gon relaterad webbplats, andra webbplatser eller internet. Vi f\u00f6rbeh\u00e5ller oss r\u00e4tten att s\u00e4ga upp din anv\u00e4ndning av webbplatsen eller n\u00e5gon relaterad webbplats om den bryter mot n\u00e5gon av de f\u00f6rbjudna anv\u00e4ndningarna.<\/p>\n<p style=\"text-align: left;\"><strong>I<\/strong><strong>mmatriella r\u00e4ttigheter<\/strong><\/p>\n<p style=\"text-align: left;\">Allt inneh\u00e5ll p\u00e5 webbplatsen inklusive bland annat alla produkter, design, tj\u00e4nster, program, data och grafiskt inneh\u00e5ll tillh\u00f6r Falcontailor och skyddas av nationell, Europeisk och internationell r\u00e4tt. Du f\u00e5r inte anv\u00e4nda n\u00e5got av inneh\u00e5llet kommersiellt, eller reproducera, \u00e4ndra, distribuera, kopiera och reproducera det.<\/p>\n<p style=\"text-align: left;\"><strong>Tvister<\/strong><\/p>\n<p style=\"text-align: left;\">Eventuella juridiska tvister kommer att l\u00f6sas antingen genom Allm\u00e4nna reklamationsn\u00e4mnden(ARN) i Sverige eller genom Europeiska kommissionens online-tvistl\u00f6sning (EU ODR).<\/p>\n<p style=\"text-align: left;\">Alla ink\u00f6p fr\u00e5n Falcontailor regleras av svensk lag. Eventuell tvist med Falcontailor, dess anst\u00e4llda, styrelseledam\u00f6ter eller \u00e4gare, enskilt eller tillsammans, ska l\u00f6sas i en svensk domstol.<\/p>\n<p style=\"text-align: left;\">Sveriges lagar reglerar alla fr\u00e5gor enligt dessa villkor, inklusive icke-kontraktsm\u00e4ssiga fordringar.<\/p>\n<p style=\"text-align: left;\">Du godk\u00e4nner att inte h\u00e5lla Falcontailor\u00a0eller v\u00e5ra bolag, samarbetspartners, tj\u00e4nstem\u00e4n, agenter, entrepren\u00f6rer, licensgivare, tj\u00e4nsteleverant\u00f6rer, underleverant\u00f6rer, leverant\u00f6rer, praktikanter och anst\u00e4llda, ansvariga f\u00f6r\u00a0n\u00e5got krav, inklusive advokatavgifter, som g\u00f6rs av n\u00e5gon tredje part p\u00e5 grund av eller som uppst\u00e5r p\u00e5 grund av ditt brott mot dessa anv\u00e4ndarvillkor eller de dokument som de inneh\u00e5ller som referens eller ditt brott mot n\u00e5gon lag eller tredje parts r\u00e4ttigheter.<\/p>\n<p style=\"text-align: left;\"><strong>\u00c5ngerr\u00e4tt<\/strong><\/p>\n<p style=\"text-align: left;\">Konsumenten har i huvudregel \u00e5ngerr\u00e4tt i enlighet med lagen om distansavtal och avtal utanf\u00f6r aff\u00e4rslokaler (DAL 2005:59). \u00c5ngerr\u00e4tten kan avtalas bort om varan tillverkats enligt konsumentens anvisningar eller har en tydlig personlig pr\u00e4gel. Eftersom alla v\u00e5ra produkter g\u00f6rs exklusivt efter dina personliga m\u00e5tt och preferenser s\u00e5 kan vi inte s\u00e4lja dem till n\u00e5gon annan. Genom att k\u00f6pa n\u00e5got fr\u00e5n oss, godk\u00e4nner du att \u00e5ngerr\u00e4tten ej g\u00e4ller.<\/p>\n<p style=\"text-align: left;\"><strong>Force Majeure<\/strong><\/p>\n<p style=\"text-align: left;\">Falcontailor \u00e4r inte ansvarig f\u00f6r eventuella misslyckanden eller f\u00f6rseningar i leveransen av produkter eller tj\u00e4nster under den period som ett s\u00e5dant misslyckande eller f\u00f6rsening ligger utanf\u00f6r den rimliga kontrollen av Falcontailor. I h\u00e4ndelse av krig, terroristhandlingar, naturkatastrofer, arbetsrelaterade tvister eller strejker, regeringshandlingar, transporthinder, leveransfel fr\u00e5n leverant\u00f6rer, ny eller \u00e4ndrad lagstiftning eller extraordin\u00e4ra omst\u00e4ndigheter eller h\u00e4ndelser utanf\u00f6r Falcontailors kontroll, kommer Falcontailor inte att ansvara f\u00f6r de villkor som anges ovan.<\/p>\n","protected":false},"excerpt":{"rendered":"<p>Villkor Gitighet Denna webbplats drivs av Falcontailor. P\u00e5 hela webbplatsen refererar termerna \u201cvi\u201d, \u201coss\u201d och v\u00e5r\u201d till Falcontailor. Falcontailor erbjuder inneh\u00e5llet p\u00e5 webbplatsen, inklusive all information, produkter och tj\u00e4nster under villkoret att du som anv\u00e4ndare accepterar alla k\u00f6pvillkor, policies och villkor som anges h\u00e4r. Genom att bes\u00f6ka v\u00e5r webbplats och \/ eller k\u00f6pa n\u00e5got fr\u00e5n [&hellip;]<\/p>\n","protected":false},"author":3,"featured_media":0,"parent":0,"menu_order":0,"comment_status":"closed","ping_status":"closed","template":"","meta":{"footnotes":""},"class_list":["post-2751","page","type-page","status-publish","hentry"],"_links":{"self":[{"href":"https:\/\/falcontailor.com\/sv\/wp-json\/wp\/v2\/pages\/2751","targetHints":{"allow":["GET"]}}],"collection":[{"href":"https:\/\/falcontailor.com\/sv\/wp-json\/wp\/v2\/pages"}],"about":[{"href":"https:\/\/falcontailor.com\/sv\/wp-json\/wp\/v2\/types\/page"}],"author":[{"embeddable":true,"href":"https:\/\/falcontailor.com\/sv\/wp-json\/wp\/v2\/users\/3"}],"replies":[{"embeddable":true,"href":"https:\/\/falcontailor.com\/sv\/wp-json\/wp\/v2\/comments?post=2751"}],"version-history":[{"count":19,"href":"https:\/\/falcontailor.com\/sv\/wp-json\/wp\/v2\/pages\/2751\/revisions"}],"predecessor-version":[{"id":5375,"href":"https:\/\/falcontailor.com\/sv\/wp-json\/wp\/v2\/pages\/2751\/revisions\/5375"}],"wp:attachment":[{"href":"https:\/\/falcontailor.com\/sv\/wp-json\/wp\/v2\/media?parent=2751"}],"curies":[{"name":"wp","href":"https:\/\/api.w.org\/{rel}","templated":true}]}}