{"id":2753,"date":"2017-10-02T14:18:14","date_gmt":"2017-10-02T14:18:14","guid":{"rendered":"http:\/\/sandbox.falcontailor.com\/du-fortjanar-skraddarsytt\/"},"modified":"2019-07-13T12:41:22","modified_gmt":"2019-07-13T12:41:22","slug":"du-fortjanar-skraddarsytt","status":"publish","type":"page","link":"https:\/\/falcontailor.com\/sv\/du-fortjanar-skraddarsytt\/","title":{"rendered":"Du f\u00f6rtj\u00e4nar skr\u00e4ddarsytt"},"content":{"rendered":"<p>[vc_row][vc_column][vc_single_image image=&#8221;1536&#8243; img_size=&#8221;800&#215;400&#8243; add_caption=&#8221;yes&#8221; alignment=&#8221;center&#8221;][\/vc_column][\/vc_row][vc_row][vc_column][vc_column_text]<\/p>\n<h1 style=\"text-align: center;\"><strong>Du f\u00f6rtj\u00e4nar skr\u00e4ddarsytt<\/strong><\/h1>\n<p>[\/vc_column_text][\/vc_column][\/vc_row][vc_row][vc_column][vc_separator][\/vc_column][\/vc_row][vc_row][vc_column][vc_column_text]<\/p>\n<h2 style=\"text-align: left;\"><strong>Varf\u00f6r skr\u00e4ddarsy<\/strong><strong>tt<\/strong><strong>?<\/strong><\/h2>\n<p style=\"text-align: left;\">Du \u00e4r inte vilken man som helst. Vem som helst kan g\u00e5 in i den lokala aff\u00e4ren eller modeskedjan och skaffa en kostym. Men det viktigaste med en kostym \u00e4r faktiskt passformen. Oavsett din storlek eller form s\u00e5 kan en kostym fr\u00e5n hyllan aldrig ge dig den d\u00e4r riktiga passformen som bara en skr\u00e4ddarsydd kostym kan. Var noga med att fundera \u00f6ver k\u00e4nslan, inte bara utseendet. Hur passar den p\u00e5 axlarna och br\u00f6stet? F\u00f6r att inte tala om l\u00e4ngden p\u00e5 b\u00e5de byxorna och jackan. Du vill inte ha f\u00f6r mycket tyg och du vill definitivt inte ha f\u00f6r lite. Din personliga stil \u00e4r unik och f\u00f6rtj\u00e4nar en speciell kostym. Det \u00e4r samma sak med skjortor. Riktiga m\u00e4n g\u00e5r till skr\u00e4ddaren.<\/p>\n<p style=\"text-align: left;\">L\u00e5ngt fr\u00e5n alla m\u00e4n vet vad de vill ha. En del vet det, men m\u00e5nga av oss blir frustrerade \u00f6ver fr\u00e5gor som: Vilket snitt tycker du om? Vilken storlek p\u00e5 slagen vill du ha? Hur m\u00e5nga knappar? Var det modernt f\u00f6rra \u00e5ret? Eller till och med f\u00f6rra \u00e5rtiondet?\u00a0<strong>Oroa dig inte.<\/strong>\u00a0Om vi f\u00e5r, s\u00e5 hj\u00e4lper vi dig och guidar dig. V\u00e5rt guidade konfigurationsverktyg och v\u00e5ra stilhandb\u00f6cker ger dig mer \u00e4n tillr\u00e4ckligt. Det finns alltid f\u00f6rvalda alternativ att f\u00f6lja om du v\u00e4ljer en av v\u00e5ra produkter. Och om du redan vet exakt vad du vill \u2013 grattis \u2013 vi ger dig ett verktyg f\u00f6r att skapa precis den exakta kostym du vill ha i alla detaljer. Hur som helst s\u00e5 hj\u00e4lper vi dig att f\u00f6rst\u00e4rka din personlighet f\u00f6r att verkligen se stark, smart och sofistikerad ut. Hj\u00e4lper dig att se ut som du.<\/p>\n<h2 style=\"text-align: left;\"><strong>B\u00e4ttre kvalit\u00e9<\/strong><\/h2>\n<p style=\"text-align: left;\">Alla som har \u00e4gt en l\u00e5gkvalitativ kostym vet hur den ser ut efter en stressig dag p\u00e5 kontoret, en utekv\u00e4ll med v\u00e4nnerna eller ett br\u00f6llop. Och efter att haft den p\u00e5 sig bara n\u00e5gra g\u00e5nger har den utslitna armb\u00e5gar och kn\u00e4n, slitet tyg och s\u00f6mmar. Vi l\u00e5ter dig v\u00e4lja fr\u00e5n ett brett utbud av kvalit\u00e9tyger. Och v\u00e5ra skr\u00e4ddare som \u00e4r riktiga m\u00e4nniskor och inte maskiner kommer att ta hand om alla detaljer f\u00f6r att g\u00f6ra ditt plagg till vad du f\u00f6rtj\u00e4nar.<\/p>\n<h2 style=\"text-align: left;\"><strong>Fashionabel<\/strong><strong>\u00a0och trendig<\/strong><\/h2>\n<p style=\"text-align: left;\">Varuhus och kedjor speglar popul\u00e4ra trender, men du borde inte n\u00f6ja dig med det. Vi l\u00e5ter dig b\u00e5da vara trendig och samtidigt visa din personlighet. Du har o\u00e4ndliga m\u00f6jligheter att uttrycka din individuella stil fullt ut. Vill du ha en kostym precis som den du s\u00e5g i butiksf\u00f6nstret men i en annan f\u00e4rg? Eller en skjorta som den som du s\u00e5g i TV-serien eller i den d\u00e4r modetidningen? Inga problem!<\/p>\n<h2 style=\"text-align: left;\"><strong>Pris<\/strong><strong>er<\/strong><\/h2>\n<p style=\"text-align: left;\">\u00c4ven om v\u00e5ra priser \u00e4r s\u00e5 l\u00e5ga s\u00e5 att vi l\u00e4tt kan konkurrera med p\u00e5-hyllan-kostymer och skjortor s\u00e5 f\u00f6redrar vi att inte g\u00f6ra det. Det \u00e4r helt enkelt inte samma typ av produkter. Och dessutom kommer ett skr\u00e4ddarsydd plagg att t\u00e5la m\u00e5nga \u00e5rs slitage och vara fashionabla till en br\u00e5kdel av kostnaden. Det \u00e4r\u00a0bara\u00a0en smart investering.<\/p>\n<h2 style=\"text-align: left;\"><strong>Tidseffektiv<\/strong><strong>itet<\/strong><\/h2>\n<p style=\"text-align: left;\">Dagens man har enormt mycket p\u00e5 sin agenda. M\u00f6tet med oss \u200b\u200b- din online skr\u00e4ddare \u2013 \u00e4r inte alls s\u00e5 tidskr\u00e4vande som du kanske tror och inte i n\u00e4rheten av tiden det tar att bes\u00f6ka en lokal butik. J\u00e4mf\u00f6r tiden du skulle sl\u00f6sat bort med att f\u00f6rs\u00f6ka hitta passande skjortor eller att prova illasittande kostymer i olika butiker. Tid \u00e4r pengar. Vi hj\u00e4lper dig i ditt upptagna liv.<\/p>\n<h2 style=\"text-align: left;\"><strong>B\u00e4ttre passform<\/strong><\/h2>\n<p style=\"text-align: left;\">Det finns helt enkelt ingen b\u00e4ttre l\u00f6sning \u00e4n att ta m\u00e5tt av din kropp och sy upp en kostym eller skjorta som passar dig som en handske. Du kan bara f\u00e5 det genom ett skr\u00e4ddarsydd plagg.<\/p>\n<p style=\"text-align: left;\">Kl\u00e4derna sk\u00e4rs exakt till dina m\u00e5tt och f\u00f6rst\u00e4rks med innertyg, vilket inneb\u00e4r att de inte bara kommer att\u00a0<em>h\u00e4nga p\u00e5 dina axlar<\/em>. Ist\u00e4llet s\u00e5 kommer de att accentuera dina b\u00e4sta egenskaper och maskera de du f\u00f6redrar att inte markera. Och byxorna kommer att f\u00e5llas f\u00f6r att n\u00e5 din sko p\u00e5 r\u00e4tt l\u00e4ngd, vilket ger en kraftfullt intryck och sj\u00e4lvs\u00e4kra steg. Ditt utseende kommer att bli str\u00f6mlinjeformat och snyggt, som en fin dyr bil.<\/p>\n<p>[\/vc_column_text][\/vc_column][\/vc_row]<\/p>\n","protected":false},"excerpt":{"rendered":"<p>[vc_row][vc_column][vc_single_image image=&#8221;1536&#8243; img_size=&#8221;800&#215;400&#8243; add_caption=&#8221;yes&#8221; alignment=&#8221;center&#8221;][\/vc_column][\/vc_row][vc_row][vc_column][vc_column_text] Du f\u00f6rtj\u00e4nar skr\u00e4ddarsytt [\/vc_column_text][\/vc_column][\/vc_row][vc_row][vc_column][vc_separator][\/vc_column][\/vc_row][vc_row][vc_column][vc_column_text] Varf\u00f6r skr\u00e4ddarsytt? Du \u00e4r inte vilken man som helst. Vem som helst kan g\u00e5 in i den lokala aff\u00e4ren eller modeskedjan och skaffa en kostym. Men det viktigaste med en kostym \u00e4r faktiskt passformen. Oavsett din storlek eller form s\u00e5 kan en kostym fr\u00e5n hyllan aldrig [&hellip;]<\/p>\n","protected":false},"author":1,"featured_media":0,"parent":0,"menu_order":0,"comment_status":"closed","ping_status":"closed","template":"","meta":{"footnotes":""},"class_list":["post-2753","page","type-page","status-publish","hentry"],"_links":{"self":[{"href":"https:\/\/falcontailor.com\/sv\/wp-json\/wp\/v2\/pages\/2753","targetHints":{"allow":["GET"]}}],"collection":[{"href":"https:\/\/falcontailor.com\/sv\/wp-json\/wp\/v2\/pages"}],"about":[{"href":"https:\/\/falcontailor.com\/sv\/wp-json\/wp\/v2\/types\/page"}],"author":[{"embeddable":true,"href":"https:\/\/falcontailor.com\/sv\/wp-json\/wp\/v2\/users\/1"}],"replies":[{"embeddable":true,"href":"https:\/\/falcontailor.com\/sv\/wp-json\/wp\/v2\/comments?post=2753"}],"version-history":[{"count":18,"href":"https:\/\/falcontailor.com\/sv\/wp-json\/wp\/v2\/pages\/2753\/revisions"}],"predecessor-version":[{"id":13777,"href":"https:\/\/falcontailor.com\/sv\/wp-json\/wp\/v2\/pages\/2753\/revisions\/13777"}],"wp:attachment":[{"href":"https:\/\/falcontailor.com\/sv\/wp-json\/wp\/v2\/media?parent=2753"}],"curies":[{"name":"wp","href":"https:\/\/api.w.org\/{rel}","templated":true}]}}