{"id":4123,"date":"2018-02-24T10:13:28","date_gmt":"2018-02-24T10:13:28","guid":{"rendered":"http:\/\/sandbox.falcontailor.com\/?page_id=4123"},"modified":"2026-05-07T12:45:47","modified_gmt":"2026-05-07T12:45:47","slug":"ansvar-och-hallbarhet","status":"publish","type":"page","link":"https:\/\/falcontailor.com\/sv\/ansvar-och-hallbarhet\/","title":{"rendered":"Ansvar och h\u00e5llbarhet"},"content":{"rendered":"<p>[vc_row][vc_column][vc_single_image image=&#8221;4133&#8243; img_size=&#8221;800&#215;400&#8243; add_caption=&#8221;yes&#8221; alignment=&#8221;center&#8221;][vc_empty_space height=&#8221;48px&#8221;][vc_column_text]<\/p>\n<h1 style=\"text-align: center;\"><strong>Ansvar och h\u00e5llbarhet<\/strong><\/h1>\n<p>[\/vc_column_text][vc_empty_space height=&#8221;48px&#8221;][vc_column_text]<\/p>\n<section class=\"text-token-text-primary w-full focus:outline-none [--shadow-height:45px] has-data-writing-block:pointer-events-none has-data-writing-block:-mt-(--shadow-height) has-data-writing-block:pt-(--shadow-height) [&amp;:has([data-writing-block])&gt;*]:pointer-events-auto [content-visibility:auto] supports-[content-visibility:auto]:[contain-intrinsic-size:auto_100lvh] R6Vx5W_threadScrollVars scroll-mb-[calc(var(--scroll-root-safe-area-inset-bottom,0px)+var(--thread-response-height))] scroll-mt-[calc(var(--header-height)+min(200px,max(70px,20svh)))]\" dir=\"auto\" data-turn-id=\"request-69f5db25-4ae8-83eb-a5bc-31fae9a1dd35-5\" data-testid=\"conversation-turn-140\" data-scroll-anchor=\"false\" data-turn=\"assistant\">\n<div class=\"text-base my-auto mx-auto pb-10 [--thread-content-margin:var(--thread-content-margin-xs,calc(var(--spacing)*4))] @w-sm\/main:[--thread-content-margin:var(--thread-content-margin-sm,calc(var(--spacing)*6))] @w-lg\/main:[--thread-content-margin:var(--thread-content-margin-lg,calc(var(--spacing)*16))] px-(--thread-content-margin)\">\n<div class=\"[--thread-content-max-width:40rem] @w-lg\/main:[--thread-content-max-width:48rem] mx-auto max-w-(--thread-content-max-width) flex-1 group\/turn-messages focus-visible:outline-hidden relative flex w-full min-w-0 flex-col agent-turn\">\n<div class=\"flex max-w-full flex-col gap-4 grow\">\n<div class=\"min-h-8 text-message relative flex w-full flex-col items-end gap-2 text-start break-words whitespace-normal outline-none keyboard-focused:focus-ring [.text-message+&amp;]:mt-1\" dir=\"auto\" tabindex=\"0\" data-message-author-role=\"assistant\" data-message-id=\"0787c590-6e67-464c-9114-7568a82ddc88\" data-message-model-slug=\"gpt-5-5\" data-turn-start-message=\"true\">\n<div class=\"flex w-full flex-col gap-1 empty:hidden\">\n<div class=\"markdown prose dark:prose-invert wrap-break-word w-full light markdown-new-styling\">\n<h2 data-section-id=\"1hax1ka\" data-start=\"25\" data-end=\"125\">Vi tror att verklig h\u00e5llbarhet b\u00f6rjar med plagg skapade f\u00f6r att h\u00e5lla \u2014 b\u00e5de i kvalitet och stil.<\/h2>\n<p data-start=\"127\" data-end=\"210\">Tidl\u00f6st skr\u00e4dderi, exklusiva material och genuint hantverk \u00e4r k\u00e4rnan i allt vi g\u00f6r.<\/p>\n<p data-start=\"212\" data-end=\"490\">Falcontailor kombinerar modern online-skr\u00e4ddars\u00f6mnad med traditionellt hantverk f\u00f6r att skapa plagg som tillverkas specifikt f\u00f6r varje kund. Genom att producera p\u00e5 best\u00e4llning ist\u00e4llet f\u00f6r i stora volymer undviker vi on\u00f6dig \u00f6verproduktion och minskar spill genom hela processen.<\/p>\n<p data-start=\"492\" data-end=\"722\">Vi arbetar ansvarsfullt genom hela v\u00e4rdekedjan \u2014 fr\u00e5n tygval och design till skr\u00e4dderi, paketering och transport. Vi tar h\u00e4nsyn till b\u00e5de m\u00e4nniskorna bakom produktionen och milj\u00f6p\u00e5verkan fr\u00e5n de material och processer vi anv\u00e4nder.<\/p>\n<p data-start=\"724\" data-end=\"974\">Till skillnad fr\u00e5n massproducerade standardstorlekar skapas m\u00e5ttsydda plagg f\u00f6r individen redan fr\u00e5n b\u00f6rjan. Det minskar on\u00f6diga returer, \u00f6verfl\u00f6diga transporter och det resurssl\u00f6seri som ofta f\u00f6rknippas med snabb konsumtion och kortlivade produkter.<\/p>\n<p data-start=\"976\" data-end=\"1258\">Vi arbetar med noggrant utvalda tyger fr\u00e5n respekterade v\u00e4verier och leverant\u00f6rer som delar v\u00e5rt fokus p\u00e5 kvalitet, h\u00e5llbarhet och ansvarsfull produktion. Ett v\u00e4lskr\u00e4ddat plagg ska inte bara k\u00e4nnas elegant idag \u2014 det ska f\u00f6rbli en naturlig del av garderoben under m\u00e5nga \u00e5r fram\u00f6ver.<\/p>\n<p data-start=\"1260\" data-end=\"1493\" data-is-last-node=\"\" data-is-only-node=\"\">F\u00f6r oss \u00e4r h\u00e5llbarhet inte en trend eller ett marknadsf\u00f6ringsbegrepp. Det handlar om att skapa plagg med l\u00e4ngre livsl\u00e4ngd, b\u00e4ttre passform och tidl\u00f6s elegans \u2014 samtidigt som vi fattar genomt\u00e4nkta beslut genom hela skr\u00e4dderiprocessen.<\/p>\n<\/div>\n<\/div>\n<\/div>\n<\/div>\n<\/div>\n<\/div>\n<\/section>\n<p>[\/vc_column_text][\/vc_column][\/vc_row]<\/p>\n","protected":false},"excerpt":{"rendered":"<p>[vc_row][vc_column][vc_single_image image=&#8221;4133&#8243; img_size=&#8221;800&#215;400&#8243; add_caption=&#8221;yes&#8221; alignment=&#8221;center&#8221;][vc_empty_space height=&#8221;48px&#8221;][vc_column_text] Ansvar och h\u00e5llbarhet [\/vc_column_text][vc_empty_space height=&#8221;48px&#8221;][vc_column_text] Vi tror att verklig h\u00e5llbarhet b\u00f6rjar med plagg skapade f\u00f6r att h\u00e5lla \u2014 b\u00e5de i kvalitet och stil. Tidl\u00f6st skr\u00e4dderi, exklusiva material och genuint hantverk \u00e4r k\u00e4rnan i allt vi g\u00f6r. Falcontailor kombinerar modern online-skr\u00e4ddars\u00f6mnad med traditionellt hantverk f\u00f6r att skapa plagg som tillverkas [&hellip;]<\/p>\n","protected":false},"author":1,"featured_media":0,"parent":0,"menu_order":0,"comment_status":"closed","ping_status":"closed","template":"","meta":{"footnotes":""},"class_list":["post-4123","page","type-page","status-publish","hentry"],"_links":{"self":[{"href":"https:\/\/falcontailor.com\/sv\/wp-json\/wp\/v2\/pages\/4123","targetHints":{"allow":["GET"]}}],"collection":[{"href":"https:\/\/falcontailor.com\/sv\/wp-json\/wp\/v2\/pages"}],"about":[{"href":"https:\/\/falcontailor.com\/sv\/wp-json\/wp\/v2\/types\/page"}],"author":[{"embeddable":true,"href":"https:\/\/falcontailor.com\/sv\/wp-json\/wp\/v2\/users\/1"}],"replies":[{"embeddable":true,"href":"https:\/\/falcontailor.com\/sv\/wp-json\/wp\/v2\/comments?post=4123"}],"version-history":[{"count":12,"href":"https:\/\/falcontailor.com\/sv\/wp-json\/wp\/v2\/pages\/4123\/revisions"}],"predecessor-version":[{"id":19739,"href":"https:\/\/falcontailor.com\/sv\/wp-json\/wp\/v2\/pages\/4123\/revisions\/19739"}],"wp:attachment":[{"href":"https:\/\/falcontailor.com\/sv\/wp-json\/wp\/v2\/media?parent=4123"}],"curies":[{"name":"wp","href":"https:\/\/api.w.org\/{rel}","templated":true}]}}