{"id":12097,"date":"2018-11-15T09:41:05","date_gmt":"2018-11-15T09:41:05","guid":{"rendered":"http:\/\/sandbox.falcontailor.com\/product\/kensington-dubbelknappt-morkbla-twill-fint-kritstreckad\/"},"modified":"2025-06-22T14:26:47","modified_gmt":"2025-06-22T14:26:47","slug":"kensington-3-delad-peach-stretch","status":"publish","type":"product","link":"https:\/\/falcontailor.com\/sv\/produkt\/kensington-3-delad-peach-stretch\/","title":{"rendered":"Kensington 3-delad peach stretch"},"content":{"rendered":"","protected":false},"excerpt":{"rendered":"<p>3-delad persikof\u00e4rgad kostym fin l\u00e5g ullblandning med 1% lycra f\u00f6r aningens stretch av Roberto Bellini, Italy.<\/p>\n","protected":false},"featured_media":17589,"comment_status":"closed","ping_status":"closed","template":"","meta":[],"product_brand":[],"product_cat":[158,76],"product_tag":[],"class_list":{"0":"post-12097","1":"product","2":"type-product","3":"status-publish","4":"has-post-thumbnail","6":"product_cat-business-suits-sv","7":"product_cat-kostymer","9":"first","10":"instock","11":"taxable","12":"shipping-taxable","13":"purchasable","14":"product-type-simple"},"_links":{"self":[{"href":"https:\/\/falcontailor.com\/sv\/wp-json\/wp\/v2\/product\/12097","targetHints":{"allow":["GET"]}}],"collection":[{"href":"https:\/\/falcontailor.com\/sv\/wp-json\/wp\/v2\/product"}],"about":[{"href":"https:\/\/falcontailor.com\/sv\/wp-json\/wp\/v2\/types\/product"}],"replies":[{"embeddable":true,"href":"https:\/\/falcontailor.com\/sv\/wp-json\/wp\/v2\/comments?post=12097"}],"wp:featuredmedia":[{"embeddable":true,"href":"https:\/\/falcontailor.com\/sv\/wp-json\/wp\/v2\/media\/17589"}],"wp:attachment":[{"href":"https:\/\/falcontailor.com\/sv\/wp-json\/wp\/v2\/media?parent=12097"}],"wp:term":[{"taxonomy":"product_brand","embeddable":true,"href":"https:\/\/falcontailor.com\/sv\/wp-json\/wp\/v2\/product_brand?post=12097"},{"taxonomy":"product_cat","embeddable":true,"href":"https:\/\/falcontailor.com\/sv\/wp-json\/wp\/v2\/product_cat?post=12097"},{"taxonomy":"product_tag","embeddable":true,"href":"https:\/\/falcontailor.com\/sv\/wp-json\/wp\/v2\/product_tag?post=12097"}],"curies":[{"name":"wp","href":"https:\/\/api.w.org\/{rel}","templated":true}]}}