{"id":12101,"date":"2018-11-10T21:47:25","date_gmt":"2018-11-10T21:47:25","guid":{"rendered":"http:\/\/sandbox.falcontailor.com\/product\/bristol-mork-medelgra\/"},"modified":"2025-06-22T14:13:33","modified_gmt":"2025-06-22T14:13:33","slug":"bristol-mork-medelgra","status":"publish","type":"product","link":"https:\/\/falcontailor.com\/sv\/produkt\/bristol-mork-medelgra\/","title":{"rendered":"Bristol medelgr\u00e5 3-delad"},"content":{"rendered":"","protected":false},"excerpt":{"rendered":"<p>Medelgr\u00e5 3-delad kostym (med v\u00e4st) i l\u00e5g ullblandning av Massimo, Milano<\/p>\n","protected":false},"featured_media":16939,"comment_status":"closed","ping_status":"closed","template":"","meta":[],"product_brand":[],"product_cat":[158,76],"product_tag":[],"class_list":{"0":"post-12101","1":"product","2":"type-product","3":"status-publish","4":"has-post-thumbnail","6":"product_cat-business-suits-sv","7":"product_cat-kostymer","9":"first","10":"instock","11":"taxable","12":"shipping-taxable","13":"purchasable","14":"product-type-simple"},"_links":{"self":[{"href":"https:\/\/falcontailor.com\/sv\/wp-json\/wp\/v2\/product\/12101","targetHints":{"allow":["GET"]}}],"collection":[{"href":"https:\/\/falcontailor.com\/sv\/wp-json\/wp\/v2\/product"}],"about":[{"href":"https:\/\/falcontailor.com\/sv\/wp-json\/wp\/v2\/types\/product"}],"replies":[{"embeddable":true,"href":"https:\/\/falcontailor.com\/sv\/wp-json\/wp\/v2\/comments?post=12101"}],"wp:featuredmedia":[{"embeddable":true,"href":"https:\/\/falcontailor.com\/sv\/wp-json\/wp\/v2\/media\/16939"}],"wp:attachment":[{"href":"https:\/\/falcontailor.com\/sv\/wp-json\/wp\/v2\/media?parent=12101"}],"wp:term":[{"taxonomy":"product_brand","embeddable":true,"href":"https:\/\/falcontailor.com\/sv\/wp-json\/wp\/v2\/product_brand?post=12101"},{"taxonomy":"product_cat","embeddable":true,"href":"https:\/\/falcontailor.com\/sv\/wp-json\/wp\/v2\/product_cat?post=12101"},{"taxonomy":"product_tag","embeddable":true,"href":"https:\/\/falcontailor.com\/sv\/wp-json\/wp\/v2\/product_tag?post=12101"}],"curies":[{"name":"wp","href":"https:\/\/api.w.org\/{rel}","templated":true}]}}