{"id":12114,"date":"2018-11-15T22:06:01","date_gmt":"2018-11-15T22:06:01","guid":{"rendered":"http:\/\/sandbox.falcontailor.com\/product\/la-defense-helsvart\/"},"modified":"2025-06-22T14:56:25","modified_gmt":"2025-06-22T14:56:25","slug":"la-defense-helsvart","status":"publish","type":"product","link":"https:\/\/falcontailor.com\/sv\/produkt\/la-defense-helsvart\/","title":{"rendered":"La D\u00e9fense helsvart herrgingbone-v\u00e4v"},"content":{"rendered":"","protected":false},"excerpt":{"rendered":"<p>Helsvart kostym i herringbone (fiskbensv\u00e4v) av en superfin 150&#8217;s ullblandning fr\u00e5n Vicenza, Milano.<\/p>\n","protected":false},"featured_media":18207,"comment_status":"closed","ping_status":"closed","template":"","meta":[],"product_brand":[],"product_cat":[158,76],"product_tag":[],"class_list":{"0":"post-12114","1":"product","2":"type-product","3":"status-publish","4":"has-post-thumbnail","6":"product_cat-business-suits-sv","7":"product_cat-kostymer","9":"first","10":"instock","11":"taxable","12":"shipping-taxable","13":"purchasable","14":"product-type-simple"},"_links":{"self":[{"href":"https:\/\/falcontailor.com\/sv\/wp-json\/wp\/v2\/product\/12114","targetHints":{"allow":["GET"]}}],"collection":[{"href":"https:\/\/falcontailor.com\/sv\/wp-json\/wp\/v2\/product"}],"about":[{"href":"https:\/\/falcontailor.com\/sv\/wp-json\/wp\/v2\/types\/product"}],"replies":[{"embeddable":true,"href":"https:\/\/falcontailor.com\/sv\/wp-json\/wp\/v2\/comments?post=12114"}],"wp:featuredmedia":[{"embeddable":true,"href":"https:\/\/falcontailor.com\/sv\/wp-json\/wp\/v2\/media\/18207"}],"wp:attachment":[{"href":"https:\/\/falcontailor.com\/sv\/wp-json\/wp\/v2\/media?parent=12114"}],"wp:term":[{"taxonomy":"product_brand","embeddable":true,"href":"https:\/\/falcontailor.com\/sv\/wp-json\/wp\/v2\/product_brand?post=12114"},{"taxonomy":"product_cat","embeddable":true,"href":"https:\/\/falcontailor.com\/sv\/wp-json\/wp\/v2\/product_cat?post=12114"},{"taxonomy":"product_tag","embeddable":true,"href":"https:\/\/falcontailor.com\/sv\/wp-json\/wp\/v2\/product_tag?post=12114"}],"curies":[{"name":"wp","href":"https:\/\/api.w.org\/{rel}","templated":true}]}}