{"id":12126,"date":"2018-11-16T07:24:00","date_gmt":"2018-11-16T07:24:00","guid":{"rendered":"http:\/\/sandbox.falcontailor.com\/product\/kirchberg-morkgra\/"},"modified":"2025-06-22T14:28:38","modified_gmt":"2025-06-22T14:28:38","slug":"kirchberg-morkgra","status":"publish","type":"product","link":"https:\/\/falcontailor.com\/sv\/produkt\/kirchberg-morkgra\/","title":{"rendered":"Kirchberg m\u00f6rkgr\u00e5"},"content":{"rendered":"","protected":false},"excerpt":{"rendered":"<p>M\u00f6rkgr\u00e5 kostym i superfin 150&#8217;s ullblandning fr\u00e5n Giorgio Veneto.<\/p>\n","protected":false},"featured_media":17746,"comment_status":"closed","ping_status":"closed","template":"","meta":[],"product_brand":[],"product_cat":[158,76],"product_tag":[],"class_list":{"0":"post-12126","1":"product","2":"type-product","3":"status-publish","4":"has-post-thumbnail","6":"product_cat-business-suits-sv","7":"product_cat-kostymer","9":"first","10":"instock","11":"taxable","12":"shipping-taxable","13":"purchasable","14":"product-type-simple"},"_links":{"self":[{"href":"https:\/\/falcontailor.com\/sv\/wp-json\/wp\/v2\/product\/12126","targetHints":{"allow":["GET"]}}],"collection":[{"href":"https:\/\/falcontailor.com\/sv\/wp-json\/wp\/v2\/product"}],"about":[{"href":"https:\/\/falcontailor.com\/sv\/wp-json\/wp\/v2\/types\/product"}],"replies":[{"embeddable":true,"href":"https:\/\/falcontailor.com\/sv\/wp-json\/wp\/v2\/comments?post=12126"}],"wp:featuredmedia":[{"embeddable":true,"href":"https:\/\/falcontailor.com\/sv\/wp-json\/wp\/v2\/media\/17746"}],"wp:attachment":[{"href":"https:\/\/falcontailor.com\/sv\/wp-json\/wp\/v2\/media?parent=12126"}],"wp:term":[{"taxonomy":"product_brand","embeddable":true,"href":"https:\/\/falcontailor.com\/sv\/wp-json\/wp\/v2\/product_brand?post=12126"},{"taxonomy":"product_cat","embeddable":true,"href":"https:\/\/falcontailor.com\/sv\/wp-json\/wp\/v2\/product_cat?post=12126"},{"taxonomy":"product_tag","embeddable":true,"href":"https:\/\/falcontailor.com\/sv\/wp-json\/wp\/v2\/product_tag?post=12126"}],"curies":[{"name":"wp","href":"https:\/\/api.w.org\/{rel}","templated":true}]}}