{"id":12145,"date":"2018-11-16T08:42:33","date_gmt":"2018-11-16T08:42:33","guid":{"rendered":"http:\/\/sandbox.falcontailor.com\/?post_type=product&#038;p=12145"},"modified":"2023-05-23T12:04:29","modified_gmt":"2023-05-23T12:04:29","slug":"bristol-mork-medelgra-blazer","status":"publish","type":"product","link":"https:\/\/falcontailor.com\/sv\/produkt\/bristol-mork-medelgra-blazer\/","title":{"rendered":"Bristol m\u00f6rk medelgr\u00e5 blazer"},"content":{"rendered":"","protected":false},"excerpt":{"rendered":"<p>M\u00f6rk medelgr\u00e5 blazer i Superfine 180&#8217;s Cashmere ull och silke av Ethan Smith, the British Cloth Company.<\/p>\n","protected":false},"featured_media":12148,"comment_status":"closed","ping_status":"closed","template":"","meta":[],"product_brand":[],"product_cat":[200,204],"product_tag":[],"class_list":{"0":"post-12145","1":"product","2":"type-product","3":"status-publish","4":"has-post-thumbnail","6":"product_cat-blazers-sv","7":"product_cat-business-blazers-sv-2","9":"first","10":"instock","11":"taxable","12":"shipping-taxable","13":"purchasable","14":"product-type-simple"},"_links":{"self":[{"href":"https:\/\/falcontailor.com\/sv\/wp-json\/wp\/v2\/product\/12145","targetHints":{"allow":["GET"]}}],"collection":[{"href":"https:\/\/falcontailor.com\/sv\/wp-json\/wp\/v2\/product"}],"about":[{"href":"https:\/\/falcontailor.com\/sv\/wp-json\/wp\/v2\/types\/product"}],"replies":[{"embeddable":true,"href":"https:\/\/falcontailor.com\/sv\/wp-json\/wp\/v2\/comments?post=12145"}],"wp:featuredmedia":[{"embeddable":true,"href":"https:\/\/falcontailor.com\/sv\/wp-json\/wp\/v2\/media\/12148"}],"wp:attachment":[{"href":"https:\/\/falcontailor.com\/sv\/wp-json\/wp\/v2\/media?parent=12145"}],"wp:term":[{"taxonomy":"product_brand","embeddable":true,"href":"https:\/\/falcontailor.com\/sv\/wp-json\/wp\/v2\/product_brand?post=12145"},{"taxonomy":"product_cat","embeddable":true,"href":"https:\/\/falcontailor.com\/sv\/wp-json\/wp\/v2\/product_cat?post=12145"},{"taxonomy":"product_tag","embeddable":true,"href":"https:\/\/falcontailor.com\/sv\/wp-json\/wp\/v2\/product_tag?post=12145"}],"curies":[{"name":"wp","href":"https:\/\/api.w.org\/{rel}","templated":true}]}}