{"id":12153,"date":"2018-11-18T07:54:06","date_gmt":"2018-11-18T07:54:06","guid":{"rendered":"http:\/\/sandbox.falcontailor.com\/?post_type=product&#038;p=12153"},"modified":"2023-05-23T12:04:01","modified_gmt":"2023-05-23T12:04:01","slug":"fiera-morkgra-blazer","status":"publish","type":"product","link":"https:\/\/falcontailor.com\/sv\/produkt\/fiera-morkgra-blazer\/","title":{"rendered":"Fiera m\u00f6rkgr\u00e5 blazer"},"content":{"rendered":"","protected":false},"excerpt":{"rendered":"<p>M\u00f6rkgr\u00e5 blazer med v\u00e4ldigt diskret m\u00f6nstrad tygv\u00e4v som g\u00f6r denna enf\u00e4rgade blazer mer levande och elegant.<\/p>\n<p>Mycket h\u00f6gklassigt och p\u00e5kostat tyg i Super 130s Merino ull, 17.0 mikron av Lanificio S. Romario<\/p>\n","protected":false},"featured_media":12160,"comment_status":"closed","ping_status":"closed","template":"","meta":[],"product_brand":[],"product_cat":[200,204],"product_tag":[],"class_list":{"0":"post-12153","1":"product","2":"type-product","3":"status-publish","4":"has-post-thumbnail","6":"product_cat-blazers-sv","7":"product_cat-business-blazers-sv-2","9":"first","10":"instock","11":"taxable","12":"shipping-taxable","13":"purchasable","14":"product-type-simple"},"_links":{"self":[{"href":"https:\/\/falcontailor.com\/sv\/wp-json\/wp\/v2\/product\/12153","targetHints":{"allow":["GET"]}}],"collection":[{"href":"https:\/\/falcontailor.com\/sv\/wp-json\/wp\/v2\/product"}],"about":[{"href":"https:\/\/falcontailor.com\/sv\/wp-json\/wp\/v2\/types\/product"}],"replies":[{"embeddable":true,"href":"https:\/\/falcontailor.com\/sv\/wp-json\/wp\/v2\/comments?post=12153"}],"wp:featuredmedia":[{"embeddable":true,"href":"https:\/\/falcontailor.com\/sv\/wp-json\/wp\/v2\/media\/12160"}],"wp:attachment":[{"href":"https:\/\/falcontailor.com\/sv\/wp-json\/wp\/v2\/media?parent=12153"}],"wp:term":[{"taxonomy":"product_brand","embeddable":true,"href":"https:\/\/falcontailor.com\/sv\/wp-json\/wp\/v2\/product_brand?post=12153"},{"taxonomy":"product_cat","embeddable":true,"href":"https:\/\/falcontailor.com\/sv\/wp-json\/wp\/v2\/product_cat?post=12153"},{"taxonomy":"product_tag","embeddable":true,"href":"https:\/\/falcontailor.com\/sv\/wp-json\/wp\/v2\/product_tag?post=12153"}],"curies":[{"name":"wp","href":"https:\/\/api.w.org\/{rel}","templated":true}]}}