{"id":12165,"date":"2018-11-18T08:11:23","date_gmt":"2018-11-18T08:11:24","guid":{"rendered":"http:\/\/sandbox.falcontailor.com\/?post_type=product&#038;p=12165"},"modified":"2023-05-23T12:03:31","modified_gmt":"2023-05-23T12:03:31","slug":"kensington-dubbelknappt-morkbla-twill-fint-kritstreckad-blazer","status":"publish","type":"product","link":"https:\/\/falcontailor.com\/sv\/produkt\/kensington-dubbelknappt-morkbla-twill-fint-kritstreckad-blazer\/","title":{"rendered":"Kensington dubbelkn\u00e4ppt m\u00f6rkbl\u00e5 twill fint kritstreckad blazer"},"content":{"rendered":"","protected":false},"excerpt":{"rendered":"<p>Dubbelkn\u00e4ppt, m\u00f6rkbl\u00e5 twill, fint kritstreckad i lyxig 120&#8217;s finaste Australiensiska merinoull, Perennial Classics collection av Salvatore Ferrino, Italien.<\/p>\n","protected":false},"featured_media":12168,"comment_status":"closed","ping_status":"closed","template":"","meta":[],"product_brand":[],"product_cat":[200,204],"product_tag":[],"class_list":{"0":"post-12165","1":"product","2":"type-product","3":"status-publish","4":"has-post-thumbnail","6":"product_cat-blazers-sv","7":"product_cat-business-blazers-sv-2","9":"first","10":"instock","11":"taxable","12":"shipping-taxable","13":"purchasable","14":"product-type-simple"},"_links":{"self":[{"href":"https:\/\/falcontailor.com\/sv\/wp-json\/wp\/v2\/product\/12165","targetHints":{"allow":["GET"]}}],"collection":[{"href":"https:\/\/falcontailor.com\/sv\/wp-json\/wp\/v2\/product"}],"about":[{"href":"https:\/\/falcontailor.com\/sv\/wp-json\/wp\/v2\/types\/product"}],"replies":[{"embeddable":true,"href":"https:\/\/falcontailor.com\/sv\/wp-json\/wp\/v2\/comments?post=12165"}],"wp:featuredmedia":[{"embeddable":true,"href":"https:\/\/falcontailor.com\/sv\/wp-json\/wp\/v2\/media\/12168"}],"wp:attachment":[{"href":"https:\/\/falcontailor.com\/sv\/wp-json\/wp\/v2\/media?parent=12165"}],"wp:term":[{"taxonomy":"product_brand","embeddable":true,"href":"https:\/\/falcontailor.com\/sv\/wp-json\/wp\/v2\/product_brand?post=12165"},{"taxonomy":"product_cat","embeddable":true,"href":"https:\/\/falcontailor.com\/sv\/wp-json\/wp\/v2\/product_cat?post=12165"},{"taxonomy":"product_tag","embeddable":true,"href":"https:\/\/falcontailor.com\/sv\/wp-json\/wp\/v2\/product_tag?post=12165"}],"curies":[{"name":"wp","href":"https:\/\/api.w.org\/{rel}","templated":true}]}}