{"id":12173,"date":"2018-11-18T08:14:55","date_gmt":"2018-11-18T08:14:55","guid":{"rendered":"http:\/\/sandbox.falcontailor.com\/?post_type=product&#038;p=12173"},"modified":"2023-05-23T12:02:53","modified_gmt":"2023-05-23T12:02:53","slug":"kirchberg-morkgra-blazer","status":"publish","type":"product","link":"https:\/\/falcontailor.com\/sv\/produkt\/kirchberg-morkgra-blazer\/","title":{"rendered":"Kirchberg m\u00f6rkgr\u00e5 blazer"},"content":{"rendered":"","protected":false},"excerpt":{"rendered":"<p>M\u00f6rkgr\u00e5 blazer med en tredje ficka (3 lutande framfickor) i superfine 130&#8217;s ull och cashmeremix fr\u00e5n Gino Matteo, superior collection, Milano, Italien<\/p>\n","protected":false},"featured_media":12176,"comment_status":"closed","ping_status":"closed","template":"","meta":[],"product_brand":[],"product_cat":[200,204],"product_tag":[],"class_list":{"0":"post-12173","1":"product","2":"type-product","3":"status-publish","4":"has-post-thumbnail","6":"product_cat-blazers-sv","7":"product_cat-business-blazers-sv-2","9":"first","10":"instock","11":"taxable","12":"shipping-taxable","13":"purchasable","14":"product-type-simple"},"_links":{"self":[{"href":"https:\/\/falcontailor.com\/sv\/wp-json\/wp\/v2\/product\/12173","targetHints":{"allow":["GET"]}}],"collection":[{"href":"https:\/\/falcontailor.com\/sv\/wp-json\/wp\/v2\/product"}],"about":[{"href":"https:\/\/falcontailor.com\/sv\/wp-json\/wp\/v2\/types\/product"}],"replies":[{"embeddable":true,"href":"https:\/\/falcontailor.com\/sv\/wp-json\/wp\/v2\/comments?post=12173"}],"wp:featuredmedia":[{"embeddable":true,"href":"https:\/\/falcontailor.com\/sv\/wp-json\/wp\/v2\/media\/12176"}],"wp:attachment":[{"href":"https:\/\/falcontailor.com\/sv\/wp-json\/wp\/v2\/media?parent=12173"}],"wp:term":[{"taxonomy":"product_brand","embeddable":true,"href":"https:\/\/falcontailor.com\/sv\/wp-json\/wp\/v2\/product_brand?post=12173"},{"taxonomy":"product_cat","embeddable":true,"href":"https:\/\/falcontailor.com\/sv\/wp-json\/wp\/v2\/product_cat?post=12173"},{"taxonomy":"product_tag","embeddable":true,"href":"https:\/\/falcontailor.com\/sv\/wp-json\/wp\/v2\/product_tag?post=12173"}],"curies":[{"name":"wp","href":"https:\/\/api.w.org\/{rel}","templated":true}]}}