{"id":12205,"date":"2018-11-18T09:14:49","date_gmt":"2018-11-18T09:14:50","guid":{"rendered":"http:\/\/sandbox.falcontailor.com\/?post_type=product&#038;p=12205"},"modified":"2023-05-23T12:00:58","modified_gmt":"2023-05-23T12:00:58","slug":"napoli-morkbeige-blazer","status":"publish","type":"product","link":"https:\/\/falcontailor.com\/sv\/produkt\/napoli-morkbeige-blazer\/","title":{"rendered":"Napoli m\u00f6rkbeige blazer"},"content":{"rendered":"","protected":false},"excerpt":{"rendered":"<p>Klassiskt stilig tygv\u00e4g i snygg m\u00f6rkbeige f\u00e4rg av superfin 130\u2032 premium cashmereullmix fr\u00e5n Gino Matteo, Milano<\/p>\n","protected":false},"featured_media":12208,"comment_status":"closed","ping_status":"closed","template":"","meta":[],"product_brand":[],"product_cat":[200,207,209,213],"product_tag":[],"class_list":{"0":"post-12205","1":"product","2":"type-product","3":"status-publish","4":"has-post-thumbnail","6":"product_cat-blazers-sv","7":"product_cat-casual-blazers-sv","8":"product_cat-host-vinter-blazers","9":"product_cat-var-sommar-blazers","11":"first","12":"instock","13":"taxable","14":"shipping-taxable","15":"purchasable","16":"product-type-simple"},"_links":{"self":[{"href":"https:\/\/falcontailor.com\/sv\/wp-json\/wp\/v2\/product\/12205","targetHints":{"allow":["GET"]}}],"collection":[{"href":"https:\/\/falcontailor.com\/sv\/wp-json\/wp\/v2\/product"}],"about":[{"href":"https:\/\/falcontailor.com\/sv\/wp-json\/wp\/v2\/types\/product"}],"replies":[{"embeddable":true,"href":"https:\/\/falcontailor.com\/sv\/wp-json\/wp\/v2\/comments?post=12205"}],"wp:featuredmedia":[{"embeddable":true,"href":"https:\/\/falcontailor.com\/sv\/wp-json\/wp\/v2\/media\/12208"}],"wp:attachment":[{"href":"https:\/\/falcontailor.com\/sv\/wp-json\/wp\/v2\/media?parent=12205"}],"wp:term":[{"taxonomy":"product_brand","embeddable":true,"href":"https:\/\/falcontailor.com\/sv\/wp-json\/wp\/v2\/product_brand?post=12205"},{"taxonomy":"product_cat","embeddable":true,"href":"https:\/\/falcontailor.com\/sv\/wp-json\/wp\/v2\/product_cat?post=12205"},{"taxonomy":"product_tag","embeddable":true,"href":"https:\/\/falcontailor.com\/sv\/wp-json\/wp\/v2\/product_tag?post=12205"}],"curies":[{"name":"wp","href":"https:\/\/api.w.org\/{rel}","templated":true}]}}