{"id":12428,"date":"2018-11-28T22:08:50","date_gmt":"2018-11-28T22:08:52","guid":{"rendered":"http:\/\/sandbox.falcontailor.com\/?post_type=product&#038;p=12428"},"modified":"2023-05-23T12:00:04","modified_gmt":"2023-05-23T12:00:04","slug":"tarragona-ljusgra-blazer","status":"publish","type":"product","link":"https:\/\/falcontailor.com\/sv\/produkt\/tarragona-ljusgra-blazer\/","title":{"rendered":"Tarragona ljusgr\u00e5 blazer"},"content":{"rendered":"","protected":false},"excerpt":{"rendered":"<p>Mycket h\u00f6gklassig blazer, ljusgr\u00e5 i Super 130&#8217;s Merinoull 17,0 mikron av Lanificio S. Romario.<\/p>\n","protected":false},"featured_media":12431,"comment_status":"closed","ping_status":"closed","template":"","meta":[],"product_brand":[],"product_cat":[200,207,213],"product_tag":[],"class_list":{"0":"post-12428","1":"product","2":"type-product","3":"status-publish","4":"has-post-thumbnail","6":"product_cat-blazers-sv","7":"product_cat-casual-blazers-sv","8":"product_cat-var-sommar-blazers","10":"first","11":"instock","12":"taxable","13":"shipping-taxable","14":"purchasable","15":"product-type-simple"},"_links":{"self":[{"href":"https:\/\/falcontailor.com\/sv\/wp-json\/wp\/v2\/product\/12428","targetHints":{"allow":["GET"]}}],"collection":[{"href":"https:\/\/falcontailor.com\/sv\/wp-json\/wp\/v2\/product"}],"about":[{"href":"https:\/\/falcontailor.com\/sv\/wp-json\/wp\/v2\/types\/product"}],"replies":[{"embeddable":true,"href":"https:\/\/falcontailor.com\/sv\/wp-json\/wp\/v2\/comments?post=12428"}],"wp:featuredmedia":[{"embeddable":true,"href":"https:\/\/falcontailor.com\/sv\/wp-json\/wp\/v2\/media\/12431"}],"wp:attachment":[{"href":"https:\/\/falcontailor.com\/sv\/wp-json\/wp\/v2\/media?parent=12428"}],"wp:term":[{"taxonomy":"product_brand","embeddable":true,"href":"https:\/\/falcontailor.com\/sv\/wp-json\/wp\/v2\/product_brand?post=12428"},{"taxonomy":"product_cat","embeddable":true,"href":"https:\/\/falcontailor.com\/sv\/wp-json\/wp\/v2\/product_cat?post=12428"},{"taxonomy":"product_tag","embeddable":true,"href":"https:\/\/falcontailor.com\/sv\/wp-json\/wp\/v2\/product_tag?post=12428"}],"curies":[{"name":"wp","href":"https:\/\/api.w.org\/{rel}","templated":true}]}}