{"id":12505,"date":"2018-12-13T12:29:18","date_gmt":"2018-12-13T12:29:19","guid":{"rendered":"https:\/\/stage.falcontailor.com\/?post_type=product&#038;p=12505"},"modified":"2025-06-22T15:10:25","modified_gmt":"2025-06-22T15:10:25","slug":"southwark-ljusbla","status":"publish","type":"product","link":"https:\/\/falcontailor.com\/sv\/produkt\/southwark-ljusbla\/","title":{"rendered":"Southwark ljusbl\u00e5"},"content":{"rendered":"","protected":false},"excerpt":{"rendered":"<p>Ljusbl\u00e5 kostym i super 150&#8217;s kvalitet med 80% ull fr\u00e5n Giorgio Vitos Regalia-kollektion.<\/p>\n","protected":false},"featured_media":18063,"comment_status":"closed","ping_status":"closed","template":"","meta":[],"product_brand":[],"product_cat":[181,76,159],"product_tag":[],"class_list":{"0":"post-12505","1":"product","2":"type-product","3":"status-publish","4":"has-post-thumbnail","6":"product_cat-casual-kostymer","7":"product_cat-kostymer","8":"product_cat-stylish-suits-trendy-street-unique-sv","10":"first","11":"instock","12":"taxable","13":"shipping-taxable","14":"purchasable","15":"product-type-simple"},"_links":{"self":[{"href":"https:\/\/falcontailor.com\/sv\/wp-json\/wp\/v2\/product\/12505","targetHints":{"allow":["GET"]}}],"collection":[{"href":"https:\/\/falcontailor.com\/sv\/wp-json\/wp\/v2\/product"}],"about":[{"href":"https:\/\/falcontailor.com\/sv\/wp-json\/wp\/v2\/types\/product"}],"replies":[{"embeddable":true,"href":"https:\/\/falcontailor.com\/sv\/wp-json\/wp\/v2\/comments?post=12505"}],"wp:featuredmedia":[{"embeddable":true,"href":"https:\/\/falcontailor.com\/sv\/wp-json\/wp\/v2\/media\/18063"}],"wp:attachment":[{"href":"https:\/\/falcontailor.com\/sv\/wp-json\/wp\/v2\/media?parent=12505"}],"wp:term":[{"taxonomy":"product_brand","embeddable":true,"href":"https:\/\/falcontailor.com\/sv\/wp-json\/wp\/v2\/product_brand?post=12505"},{"taxonomy":"product_cat","embeddable":true,"href":"https:\/\/falcontailor.com\/sv\/wp-json\/wp\/v2\/product_cat?post=12505"},{"taxonomy":"product_tag","embeddable":true,"href":"https:\/\/falcontailor.com\/sv\/wp-json\/wp\/v2\/product_tag?post=12505"}],"curies":[{"name":"wp","href":"https:\/\/api.w.org\/{rel}","templated":true}]}}