{"id":12640,"date":"2018-12-18T22:21:01","date_gmt":"2018-12-18T22:21:02","guid":{"rendered":"https:\/\/stage.falcontailor.com\/?post_type=product&#038;p=12640"},"modified":"2023-05-23T11:58:31","modified_gmt":"2023-05-23T11:58:31","slug":"st-michel-morkbrun-diskret-pinstripe-blazer","status":"publish","type":"product","link":"https:\/\/falcontailor.com\/sv\/produkt\/st-michel-morkbrun-diskret-pinstripe-blazer\/","title":{"rendered":"St. Michel m\u00f6rkbrun diskret pinstripe Blazer"},"content":{"rendered":"","protected":false},"excerpt":{"rendered":"<p>Dubbelkn\u00e4ppt m\u00f6rkbrun blazer i diskret pinstripe i superfine 150&#8217;s ull och cashmeremix, superior collection fr\u00e5n Gino Matteo, Milano, Italien.<\/p>\n","protected":false},"featured_media":12643,"comment_status":"closed","ping_status":"closed","template":"","meta":[],"product_brand":[],"product_cat":[200,207,209],"product_tag":[],"class_list":{"0":"post-12640","1":"product","2":"type-product","3":"status-publish","4":"has-post-thumbnail","6":"product_cat-blazers-sv","7":"product_cat-casual-blazers-sv","8":"product_cat-host-vinter-blazers","10":"first","11":"instock","12":"taxable","13":"shipping-taxable","14":"purchasable","15":"product-type-simple"},"_links":{"self":[{"href":"https:\/\/falcontailor.com\/sv\/wp-json\/wp\/v2\/product\/12640","targetHints":{"allow":["GET"]}}],"collection":[{"href":"https:\/\/falcontailor.com\/sv\/wp-json\/wp\/v2\/product"}],"about":[{"href":"https:\/\/falcontailor.com\/sv\/wp-json\/wp\/v2\/types\/product"}],"replies":[{"embeddable":true,"href":"https:\/\/falcontailor.com\/sv\/wp-json\/wp\/v2\/comments?post=12640"}],"wp:featuredmedia":[{"embeddable":true,"href":"https:\/\/falcontailor.com\/sv\/wp-json\/wp\/v2\/media\/12643"}],"wp:attachment":[{"href":"https:\/\/falcontailor.com\/sv\/wp-json\/wp\/v2\/media?parent=12640"}],"wp:term":[{"taxonomy":"product_brand","embeddable":true,"href":"https:\/\/falcontailor.com\/sv\/wp-json\/wp\/v2\/product_brand?post=12640"},{"taxonomy":"product_cat","embeddable":true,"href":"https:\/\/falcontailor.com\/sv\/wp-json\/wp\/v2\/product_cat?post=12640"},{"taxonomy":"product_tag","embeddable":true,"href":"https:\/\/falcontailor.com\/sv\/wp-json\/wp\/v2\/product_tag?post=12640"}],"curies":[{"name":"wp","href":"https:\/\/api.w.org\/{rel}","templated":true}]}}