{"id":12877,"date":"2019-01-10T18:42:44","date_gmt":"2019-01-10T18:42:45","guid":{"rendered":"https:\/\/stage.falcontailor.com\/?post_type=product&#038;p=12877"},"modified":"2025-06-22T14:25:36","modified_gmt":"2025-06-22T14:25:36","slug":"hongdae-3delad-medumgra-kritstreck","status":"publish","type":"product","link":"https:\/\/falcontailor.com\/sv\/produkt\/hongdae-3delad-medumgra-kritstreck\/","title":{"rendered":"Hongdae 3-delad medium gr\u00e5 kritstreck"},"content":{"rendered":"","protected":false},"excerpt":{"rendered":"<p>Trendig 3-delad mellangr\u00e5 kritstrecksrandig kostym i super 150&#8217;s kvalitet med 80% ull fr\u00e5n Giorgio Nesta.<\/p>\n","protected":false},"featured_media":17979,"comment_status":"closed","ping_status":"closed","template":"","meta":[],"product_brand":[],"product_cat":[181,76,159],"product_tag":[],"class_list":{"0":"post-12877","1":"product","2":"type-product","3":"status-publish","4":"has-post-thumbnail","6":"product_cat-casual-kostymer","7":"product_cat-kostymer","8":"product_cat-stylish-suits-trendy-street-unique-sv","10":"first","11":"instock","12":"taxable","13":"shipping-taxable","14":"purchasable","15":"product-type-simple"},"_links":{"self":[{"href":"https:\/\/falcontailor.com\/sv\/wp-json\/wp\/v2\/product\/12877","targetHints":{"allow":["GET"]}}],"collection":[{"href":"https:\/\/falcontailor.com\/sv\/wp-json\/wp\/v2\/product"}],"about":[{"href":"https:\/\/falcontailor.com\/sv\/wp-json\/wp\/v2\/types\/product"}],"replies":[{"embeddable":true,"href":"https:\/\/falcontailor.com\/sv\/wp-json\/wp\/v2\/comments?post=12877"}],"wp:featuredmedia":[{"embeddable":true,"href":"https:\/\/falcontailor.com\/sv\/wp-json\/wp\/v2\/media\/17979"}],"wp:attachment":[{"href":"https:\/\/falcontailor.com\/sv\/wp-json\/wp\/v2\/media?parent=12877"}],"wp:term":[{"taxonomy":"product_brand","embeddable":true,"href":"https:\/\/falcontailor.com\/sv\/wp-json\/wp\/v2\/product_brand?post=12877"},{"taxonomy":"product_cat","embeddable":true,"href":"https:\/\/falcontailor.com\/sv\/wp-json\/wp\/v2\/product_cat?post=12877"},{"taxonomy":"product_tag","embeddable":true,"href":"https:\/\/falcontailor.com\/sv\/wp-json\/wp\/v2\/product_tag?post=12877"}],"curies":[{"name":"wp","href":"https:\/\/api.w.org\/{rel}","templated":true}]}}