{"id":12889,"date":"2019-01-10T19:01:23","date_gmt":"2019-01-10T19:01:24","guid":{"rendered":"https:\/\/stage.falcontailor.com\/?post_type=product&#038;p=12889"},"modified":"2023-05-23T11:57:30","modified_gmt":"2023-05-23T11:57:30","slug":"hongdae-ljusgra-breda-kritstreck-blazer","status":"publish","type":"product","link":"https:\/\/falcontailor.com\/sv\/produkt\/hongdae-ljusgra-breda-kritstreck-blazer\/","title":{"rendered":"Hongdae ljusgr\u00e5 breda kritstreck blazer"},"content":{"rendered":"","protected":false},"excerpt":{"rendered":"<p>Trendig ljusgr\u00e5 blazer i breda kritstreck i superfine 150&#8217;s ull och cashmeremix, superior collection fr\u00e5n Gino Matteo, Milano, Italien.<\/p>\n","protected":false},"featured_media":12892,"comment_status":"closed","ping_status":"closed","template":"","meta":[],"product_brand":[],"product_cat":[200,207,213],"product_tag":[],"class_list":{"0":"post-12889","1":"product","2":"type-product","3":"status-publish","4":"has-post-thumbnail","6":"product_cat-blazers-sv","7":"product_cat-casual-blazers-sv","8":"product_cat-var-sommar-blazers","10":"first","11":"instock","12":"taxable","13":"shipping-taxable","14":"purchasable","15":"product-type-simple"},"_links":{"self":[{"href":"https:\/\/falcontailor.com\/sv\/wp-json\/wp\/v2\/product\/12889","targetHints":{"allow":["GET"]}}],"collection":[{"href":"https:\/\/falcontailor.com\/sv\/wp-json\/wp\/v2\/product"}],"about":[{"href":"https:\/\/falcontailor.com\/sv\/wp-json\/wp\/v2\/types\/product"}],"replies":[{"embeddable":true,"href":"https:\/\/falcontailor.com\/sv\/wp-json\/wp\/v2\/comments?post=12889"}],"wp:featuredmedia":[{"embeddable":true,"href":"https:\/\/falcontailor.com\/sv\/wp-json\/wp\/v2\/media\/12892"}],"wp:attachment":[{"href":"https:\/\/falcontailor.com\/sv\/wp-json\/wp\/v2\/media?parent=12889"}],"wp:term":[{"taxonomy":"product_brand","embeddable":true,"href":"https:\/\/falcontailor.com\/sv\/wp-json\/wp\/v2\/product_brand?post=12889"},{"taxonomy":"product_cat","embeddable":true,"href":"https:\/\/falcontailor.com\/sv\/wp-json\/wp\/v2\/product_cat?post=12889"},{"taxonomy":"product_tag","embeddable":true,"href":"https:\/\/falcontailor.com\/sv\/wp-json\/wp\/v2\/product_tag?post=12889"}],"curies":[{"name":"wp","href":"https:\/\/api.w.org\/{rel}","templated":true}]}}