{"id":13109,"date":"2019-02-01T16:55:37","date_gmt":"2019-02-01T16:55:38","guid":{"rendered":"https:\/\/stage.falcontailor.com\/?post_type=product&#038;p=13109"},"modified":"2023-05-23T11:57:03","modified_gmt":"2023-05-23T11:57:03","slug":"raval-medium-morkbla-diskret-fiskbensmonster-blazer","status":"publish","type":"product","link":"https:\/\/falcontailor.com\/sv\/produkt\/raval-medium-morkbla-diskret-fiskbensmonster-blazer\/","title":{"rendered":"Raval medium m\u00f6rkbl\u00e5 diskret fiskbensm\u00f6nster Blazer"},"content":{"rendered":"","protected":false},"excerpt":{"rendered":"<p>Mycket h\u00f6gklassig blazer, medium m\u00f6rkbl\u00e5 diskret fiskbensm\u00f6nster i Super 130&#8217;s Merinoull 17,0 mikron av Lanificio S. Romario.<\/p>\n","protected":false},"featured_media":13112,"comment_status":"closed","ping_status":"closed","template":"","meta":[],"product_brand":[],"product_cat":[200,207,209],"product_tag":[],"class_list":{"0":"post-13109","1":"product","2":"type-product","3":"status-publish","4":"has-post-thumbnail","6":"product_cat-blazers-sv","7":"product_cat-casual-blazers-sv","8":"product_cat-host-vinter-blazers","10":"first","11":"instock","12":"taxable","13":"shipping-taxable","14":"purchasable","15":"product-type-simple"},"_links":{"self":[{"href":"https:\/\/falcontailor.com\/sv\/wp-json\/wp\/v2\/product\/13109","targetHints":{"allow":["GET"]}}],"collection":[{"href":"https:\/\/falcontailor.com\/sv\/wp-json\/wp\/v2\/product"}],"about":[{"href":"https:\/\/falcontailor.com\/sv\/wp-json\/wp\/v2\/types\/product"}],"replies":[{"embeddable":true,"href":"https:\/\/falcontailor.com\/sv\/wp-json\/wp\/v2\/comments?post=13109"}],"wp:featuredmedia":[{"embeddable":true,"href":"https:\/\/falcontailor.com\/sv\/wp-json\/wp\/v2\/media\/13112"}],"wp:attachment":[{"href":"https:\/\/falcontailor.com\/sv\/wp-json\/wp\/v2\/media?parent=13109"}],"wp:term":[{"taxonomy":"product_brand","embeddable":true,"href":"https:\/\/falcontailor.com\/sv\/wp-json\/wp\/v2\/product_brand?post=13109"},{"taxonomy":"product_cat","embeddable":true,"href":"https:\/\/falcontailor.com\/sv\/wp-json\/wp\/v2\/product_cat?post=13109"},{"taxonomy":"product_tag","embeddable":true,"href":"https:\/\/falcontailor.com\/sv\/wp-json\/wp\/v2\/product_tag?post=13109"}],"curies":[{"name":"wp","href":"https:\/\/api.w.org\/{rel}","templated":true}]}}