{"id":13911,"date":"2019-07-15T15:23:26","date_gmt":"2019-07-15T15:55:23","guid":{"rendered":"https:\/\/stage.falcontailor.com\/?post_type=product&#038;p=13911"},"modified":"2023-05-23T11:33:46","modified_gmt":"2023-05-23T11:33:46","slug":"mattband","status":"publish","type":"product","link":"https:\/\/falcontailor.com\/sv\/produkt\/mattband\/","title":{"rendered":"M\u00e5ttband"},"content":{"rendered":"","protected":false},"excerpt":{"rendered":"<h4><strong>Har du inget m\u00e5ttband? Ingen fara!<\/strong><\/h4>\n<h4><strong>Vi skickar ett till dig snabbt.<\/strong><\/h4>\n<p>&nbsp;<\/p>\n<h2><strong>Professionellt m\u00e5ttband i f\u00e4rg, 150 cm.<\/strong><\/h2>\n<ul>\n<li>F\u00e4rgkodad skala<\/li>\n<li>Gul baksida med skala i centimeter<\/li>\n<li>Metallramar i \u00e4ndarna<\/li>\n<li>Robust professionell kvalitet<\/li>\n<\/ul>\n<p>M\u00e5ttbandet i f\u00e4rg fr\u00e5n Prym med sin tref\u00e4rgade skala ger maximal \u00f6versikt. P\u00e5 bakgrundsf\u00e4rgerna i r\u00f6tt, vitt och gr\u00f6nt, \u00e4r den svarta centimeterskalan l\u00e4tt att se. Den gula baksidan ger ytterligare flexibilitet med skala i centimeter. Den praktiska l\u00e4ngden p\u00e5 1,50 m m\u00f6jligg\u00f6r okomplicerad och enkel hantering av detta m\u00e5ttband av robust plast. En bandtjocklek p\u00e5 0,5 mm och metallomsluter i b\u00e5da \u00e4ndar garanterar en l\u00e5ng livsl\u00e4ngd f\u00f6r m\u00e5ttbandet.<\/p>\n<p>Material: polyfiber, metal<br \/>\nDimensioner: 0,5mm x 19mm x 150cm<\/p>\n","protected":false},"featured_media":13902,"comment_status":"closed","ping_status":"closed","template":"","meta":[],"product_brand":[],"product_cat":[1279],"product_tag":[],"class_list":{"0":"post-13911","1":"product","2":"type-product","3":"status-publish","4":"has-post-thumbnail","6":"product_cat-tillbehor","7":"product_shipping_class-small-accessories-sv","9":"first","10":"instock","11":"sold-individually","12":"taxable","13":"shipping-taxable","14":"purchasable","15":"product-type-simple"},"_links":{"self":[{"href":"https:\/\/falcontailor.com\/sv\/wp-json\/wp\/v2\/product\/13911","targetHints":{"allow":["GET"]}}],"collection":[{"href":"https:\/\/falcontailor.com\/sv\/wp-json\/wp\/v2\/product"}],"about":[{"href":"https:\/\/falcontailor.com\/sv\/wp-json\/wp\/v2\/types\/product"}],"replies":[{"embeddable":true,"href":"https:\/\/falcontailor.com\/sv\/wp-json\/wp\/v2\/comments?post=13911"}],"wp:featuredmedia":[{"embeddable":true,"href":"https:\/\/falcontailor.com\/sv\/wp-json\/wp\/v2\/media\/13902"}],"wp:attachment":[{"href":"https:\/\/falcontailor.com\/sv\/wp-json\/wp\/v2\/media?parent=13911"}],"wp:term":[{"taxonomy":"product_brand","embeddable":true,"href":"https:\/\/falcontailor.com\/sv\/wp-json\/wp\/v2\/product_brand?post=13911"},{"taxonomy":"product_cat","embeddable":true,"href":"https:\/\/falcontailor.com\/sv\/wp-json\/wp\/v2\/product_cat?post=13911"},{"taxonomy":"product_tag","embeddable":true,"href":"https:\/\/falcontailor.com\/sv\/wp-json\/wp\/v2\/product_tag?post=13911"}],"curies":[{"name":"wp","href":"https:\/\/api.w.org\/{rel}","templated":true}]}}