{"id":18323,"date":"2025-06-22T15:20:46","date_gmt":"2025-06-22T15:20:47","guid":{"rendered":"https:\/\/falcontailor.com\/?post_type=product&#038;p=18323"},"modified":"2025-06-22T17:02:46","modified_gmt":"2025-06-22T17:02:46","slug":"gulberg-linen","status":"publish","type":"product","link":"https:\/\/falcontailor.com\/sv\/produkt\/gulberg-linen\/","title":{"rendered":"Gulberg linen"},"content":{"rendered":"","protected":false},"excerpt":{"rendered":"<p>Medium m\u00f6rkbl\u00e5 100% linnekostym fr\u00e5n from Longford Cloth Company, London.<\/p>\n","protected":false},"featured_media":17465,"comment_status":"closed","ping_status":"closed","template":"","meta":[],"product_brand":[],"product_cat":[181,76,1329,159],"product_tag":[],"class_list":{"0":"post-18323","1":"product","2":"type-product","3":"status-publish","4":"has-post-thumbnail","6":"product_cat-casual-kostymer","7":"product_cat-kostymer","8":"product_cat-linnekostymer","9":"product_cat-stylish-suits-trendy-street-unique-sv","11":"first","12":"instock","13":"taxable","14":"shipping-taxable","15":"purchasable","16":"product-type-simple"},"_links":{"self":[{"href":"https:\/\/falcontailor.com\/sv\/wp-json\/wp\/v2\/product\/18323","targetHints":{"allow":["GET"]}}],"collection":[{"href":"https:\/\/falcontailor.com\/sv\/wp-json\/wp\/v2\/product"}],"about":[{"href":"https:\/\/falcontailor.com\/sv\/wp-json\/wp\/v2\/types\/product"}],"replies":[{"embeddable":true,"href":"https:\/\/falcontailor.com\/sv\/wp-json\/wp\/v2\/comments?post=18323"}],"wp:featuredmedia":[{"embeddable":true,"href":"https:\/\/falcontailor.com\/sv\/wp-json\/wp\/v2\/media\/17465"}],"wp:attachment":[{"href":"https:\/\/falcontailor.com\/sv\/wp-json\/wp\/v2\/media?parent=18323"}],"wp:term":[{"taxonomy":"product_brand","embeddable":true,"href":"https:\/\/falcontailor.com\/sv\/wp-json\/wp\/v2\/product_brand?post=18323"},{"taxonomy":"product_cat","embeddable":true,"href":"https:\/\/falcontailor.com\/sv\/wp-json\/wp\/v2\/product_cat?post=18323"},{"taxonomy":"product_tag","embeddable":true,"href":"https:\/\/falcontailor.com\/sv\/wp-json\/wp\/v2\/product_tag?post=18323"}],"curies":[{"name":"wp","href":"https:\/\/api.w.org\/{rel}","templated":true}]}}