{"id":5110,"date":"2018-07-03T15:53:07","date_gmt":"2018-07-03T15:53:07","guid":{"rendered":"http:\/\/sandbox.falcontailor.com\/product\/pink-breeze\/"},"modified":"2023-05-23T12:10:18","modified_gmt":"2023-05-23T12:10:18","slug":"red-breeze","status":"publish","type":"product","link":"https:\/\/falcontailor.com\/sv\/produkt\/red-breeze\/","title":{"rendered":"Red breeze"},"content":{"rendered":"","protected":false},"excerpt":{"rendered":"<p>R\u00f6d skjorta i ett diskret fiskbensm\u00f6nster i premium skrynkelfri bomullsblandning fr\u00e5n NEWBURY.<\/p>\n","protected":false},"featured_media":5103,"comment_status":"closed","ping_status":"closed","template":"","meta":[],"product_brand":[],"product_cat":[154,121,150],"product_tag":[],"class_list":{"0":"post-5110","1":"product","2":"type-product","3":"status-publish","4":"has-post-thumbnail","6":"product_cat-casual-shirts-sv","7":"product_cat-shirts-sv","8":"product_cat-stylish-shirts-sv","10":"first","11":"instock","12":"taxable","13":"shipping-taxable","14":"purchasable","15":"product-type-simple"},"_links":{"self":[{"href":"https:\/\/falcontailor.com\/sv\/wp-json\/wp\/v2\/product\/5110","targetHints":{"allow":["GET"]}}],"collection":[{"href":"https:\/\/falcontailor.com\/sv\/wp-json\/wp\/v2\/product"}],"about":[{"href":"https:\/\/falcontailor.com\/sv\/wp-json\/wp\/v2\/types\/product"}],"replies":[{"embeddable":true,"href":"https:\/\/falcontailor.com\/sv\/wp-json\/wp\/v2\/comments?post=5110"}],"wp:featuredmedia":[{"embeddable":true,"href":"https:\/\/falcontailor.com\/sv\/wp-json\/wp\/v2\/media\/5103"}],"wp:attachment":[{"href":"https:\/\/falcontailor.com\/sv\/wp-json\/wp\/v2\/media?parent=5110"}],"wp:term":[{"taxonomy":"product_brand","embeddable":true,"href":"https:\/\/falcontailor.com\/sv\/wp-json\/wp\/v2\/product_brand?post=5110"},{"taxonomy":"product_cat","embeddable":true,"href":"https:\/\/falcontailor.com\/sv\/wp-json\/wp\/v2\/product_cat?post=5110"},{"taxonomy":"product_tag","embeddable":true,"href":"https:\/\/falcontailor.com\/sv\/wp-json\/wp\/v2\/product_tag?post=5110"}],"curies":[{"name":"wp","href":"https:\/\/api.w.org\/{rel}","templated":true}]}}