{"id":5329,"date":"2018-07-13T16:55:01","date_gmt":"2018-07-13T16:55:02","guid":{"rendered":"http:\/\/sandbox.falcontailor.com\/?post_type=product&#038;p=5329"},"modified":"2025-06-22T14:32:11","modified_gmt":"2025-06-22T14:32:11","slug":"bologna","status":"publish","type":"product","link":"https:\/\/falcontailor.com\/sv\/produkt\/bologna\/","title":{"rendered":"Bologna ljusgr\u00e5"},"content":{"rendered":"","protected":false},"excerpt":{"rendered":"<p>Klassisk kostym ljusgr\u00e5 och elegant diskret f\u00e4rg av superfin 150&#8217;s ullblandning av Giorgio Veneto.<\/p>\n","protected":false},"featured_media":17762,"comment_status":"closed","ping_status":"closed","template":"","meta":[],"product_brand":[],"product_cat":[181,76,159],"product_tag":[],"class_list":{"0":"post-5329","1":"product","2":"type-product","3":"status-publish","4":"has-post-thumbnail","6":"product_cat-casual-kostymer","7":"product_cat-kostymer","8":"product_cat-stylish-suits-trendy-street-unique-sv","10":"first","11":"instock","12":"taxable","13":"shipping-taxable","14":"purchasable","15":"product-type-simple"},"_links":{"self":[{"href":"https:\/\/falcontailor.com\/sv\/wp-json\/wp\/v2\/product\/5329","targetHints":{"allow":["GET"]}}],"collection":[{"href":"https:\/\/falcontailor.com\/sv\/wp-json\/wp\/v2\/product"}],"about":[{"href":"https:\/\/falcontailor.com\/sv\/wp-json\/wp\/v2\/types\/product"}],"replies":[{"embeddable":true,"href":"https:\/\/falcontailor.com\/sv\/wp-json\/wp\/v2\/comments?post=5329"}],"wp:featuredmedia":[{"embeddable":true,"href":"https:\/\/falcontailor.com\/sv\/wp-json\/wp\/v2\/media\/17762"}],"wp:attachment":[{"href":"https:\/\/falcontailor.com\/sv\/wp-json\/wp\/v2\/media?parent=5329"}],"wp:term":[{"taxonomy":"product_brand","embeddable":true,"href":"https:\/\/falcontailor.com\/sv\/wp-json\/wp\/v2\/product_brand?post=5329"},{"taxonomy":"product_cat","embeddable":true,"href":"https:\/\/falcontailor.com\/sv\/wp-json\/wp\/v2\/product_cat?post=5329"},{"taxonomy":"product_tag","embeddable":true,"href":"https:\/\/falcontailor.com\/sv\/wp-json\/wp\/v2\/product_tag?post=5329"}],"curies":[{"name":"wp","href":"https:\/\/api.w.org\/{rel}","templated":true}]}}